{"id":5235,"date":"2022-02-15T09:40:44","date_gmt":"2022-02-15T09:40:44","guid":{"rendered":"http:\/\/ludzie.fundacja-pih.pl\/?post_type=product&#038;p=5235"},"modified":"2025-05-16T14:23:40","modified_gmt":"2025-05-16T14:23:40","slug":"nowak-jerzy","status":"publish","type":"product","link":"http:\/\/ludzie.fundacja-pih.pl\/index.php\/product\/nowak-jerzy\/","title":{"rendered":"Nowak Jerzy"},"content":{"rendered":"<p>Urodzi\u0142 si\u0119 11 sierpnia 1953 roku w Lipsku w woj. Kieleckim. <\/p>\n<p>Jeszcze przed sierpniem 1980 roku dzia\u0142a\u0142 w opozycji demokratycznej. By\u0142 wsp\u00f3\u0142pracownikiem \u201eBiuletynu Dolno\u015bl\u0105skiego\u201d. W 1978 roku nale\u017ca\u0142 do grupy rezerwowych drukarzy. Kolportowa\u0142 \u201eBiuletyn Dolno\u015bl\u0105ski\u201d. Od 1981 roku wsp\u00f3\u0142pracowa\u0142 z RKS przy ul. Mazowieckiej we Wroc\u0142awiu, gdzie dzia\u0142a\u0142 w ekipie os\u00f3b maluj\u0105cych antykomunistyczne has\u0142a na murach. W nocy z 13 na 14 grudnia razem ze Stanis\u0142awem Gulbinowiczem rozpocz\u0105\u0142 druk czasopisma \u201eZ Dnia na Dzie\u0144\u201d. Kontynuowa\u0142 t\u0119 dzia\u0142alno\u015b\u0107 do lutego 1982 roku. W tym samym roku organizowa\u0142 grup\u0119 fotograf\u00f3w i filmowc\u00f3w z kt\u00f3rych potem powsta\u0142a NAF \u201eDementii\u201d. S\u0142ynne zdj\u0119cia autorstwa cz\u0142onk\u00f3w tej grupy to m.in. rozje\u017cd\u017cany samochodem ci\u0119\u017carowym ZOMO Jaros\u0142aw Hyk w czasie demonstracji 31 sierpnia 1982 roku we Wroc\u0142awiu. Materia\u0142y ww. grupy by\u0142y przerzucane na Zach\u00f3d przez wsp\u00f3\u0142pracownik\u00f3w Kornela Morawieckiego. Jerzy Nowak by\u0142 kilkakrotnie aresztowany i bity na komisariatach. Zajmowa\u0142 si\u0119 r\u00f3wnie\u017c kolporta\u017cem wydawnictw podziemnych mi\u0119dzy miastami, wsp\u00f3\u0142pracowa\u0142 z \u201eObecno\u015bci\u0105\u201d i \u201eSolidarno\u015bci\u0105 Walcz\u0105c\u0105\u201d. Dzia\u0142a\u0142 w  Niezale\u017cnym Zrzeszeniu Student\u00f3w w Pa\u0144stwowej Wy\u017cszej Szkole Sztuk Plastycznych we Wroc\u0142awiu.<\/p>\n","protected":false},"excerpt":{"rendered":"<p>Urodzi\u0142 si\u0119 11 sierpnia 1953 roku w Lipsku w woj. Kieleckim. Jeszcze przed sierpniem 1980 roku dzia\u0142a\u0142 w opozycji demokratycznej. By\u0142 wsp\u00f3\u0142pracownikiem \u201eBiuletynu Dolno\u015bl\u0105skiego\u201d. W 1978 roku nale\u017ca\u0142 do grupy rezerwowych drukarzy. Kolportowa\u0142 \u201eBiuletyn Dolno\u015bl\u0105ski\u201d. Od 1981 roku wsp\u00f3\u0142pracowa\u0142 z RKS przy ul. Mazowieckiej we Wroc\u0142awiu, gdzie dzia\u0142a\u0142 w ekipie os\u00f3b maluj\u0105cych antykomunistyczne has\u0142a na [&hellip;]<\/p>\n","protected":false},"featured_media":0,"template":"","meta":[],"_links":{"self":[{"href":"http:\/\/ludzie.fundacja-pih.pl\/index.php\/wp-json\/wp\/v2\/product\/5235"}],"collection":[{"href":"http:\/\/ludzie.fundacja-pih.pl\/index.php\/wp-json\/wp\/v2\/product"}],"about":[{"href":"http:\/\/ludzie.fundacja-pih.pl\/index.php\/wp-json\/wp\/v2\/types\/product"}],"wp:attachment":[{"href":"http:\/\/ludzie.fundacja-pih.pl\/index.php\/wp-json\/wp\/v2\/media?parent=5235"}],"curies":[{"name":"wp","href":"https:\/\/api.w.org\/{rel}","templated":true}]}}