{"id":5236,"date":"2022-02-15T11:04:01","date_gmt":"2022-02-15T11:04:01","guid":{"rendered":"http:\/\/ludzie.fundacja-pih.pl\/?post_type=product&#038;p=5236"},"modified":"2025-05-16T14:23:41","modified_gmt":"2025-05-16T14:23:41","slug":"poznanski-andrzej","status":"publish","type":"product","link":"http:\/\/ludzie.fundacja-pih.pl\/index.php\/product\/poznanski-andrzej\/","title":{"rendered":"Pozna\u0144ski Andrzej"},"content":{"rendered":"<p>Urodzi\u0142 si\u0119 1 maja 1947 roku w Kowarach.<\/p>\n<p>W 1982 roku by\u0142 internowany i osadzony w zak\u0142adzie karnym w Nysie. Po wyj\u015bciu na wolno\u015b\u0107 zosta\u0142 cz\u0142onkiem \u201eSolidarno\u015bci Walcz\u0105cej\u201d. W ramach dzia\u0142alno\u015bci w tej organizacji zajmowa\u0142 si\u0119 szeroko rozumianym kolporta\u017cem wydawnictw podziemnych. Ponadto organizowa\u0142 i przewozi\u0142 osoby ukrywaj\u0105ce si\u0119 na spotkania konspiracyjne, udost\u0119pnia\u0142 te\u017c sw\u00f3j samoch\u00f3d dla cel\u00f3w dzia\u0142a\u0144 konspiracyjnych. W roku 1985 wyjecha\u0142 do Komarowa, zosta\u0142 wtedy kurierem pomi\u0119dzy miastami. <\/p>\n","protected":false},"excerpt":{"rendered":"<p>Urodzi\u0142 si\u0119 1 maja 1947 roku w Kowarach. W 1982 roku by\u0142 internowany i osadzony w zak\u0142adzie karnym w Nysie. Po wyj\u015bciu na wolno\u015b\u0107 zosta\u0142 cz\u0142onkiem \u201eSolidarno\u015bci Walcz\u0105cej\u201d. W ramach dzia\u0142alno\u015bci w tej organizacji zajmowa\u0142 si\u0119 szeroko rozumianym kolporta\u017cem wydawnictw podziemnych. Ponadto organizowa\u0142 i przewozi\u0142 osoby ukrywaj\u0105ce si\u0119 na spotkania konspiracyjne, udost\u0119pnia\u0142 te\u017c sw\u00f3j samoch\u00f3d [&hellip;]<\/p>\n","protected":false},"featured_media":0,"template":"","meta":[],"_links":{"self":[{"href":"http:\/\/ludzie.fundacja-pih.pl\/index.php\/wp-json\/wp\/v2\/product\/5236"}],"collection":[{"href":"http:\/\/ludzie.fundacja-pih.pl\/index.php\/wp-json\/wp\/v2\/product"}],"about":[{"href":"http:\/\/ludzie.fundacja-pih.pl\/index.php\/wp-json\/wp\/v2\/types\/product"}],"wp:attachment":[{"href":"http:\/\/ludzie.fundacja-pih.pl\/index.php\/wp-json\/wp\/v2\/media?parent=5236"}],"curies":[{"name":"wp","href":"https:\/\/api.w.org\/{rel}","templated":true}]}}