{"id":5237,"date":"2022-02-15T11:51:47","date_gmt":"2022-02-15T11:51:47","guid":{"rendered":"http:\/\/ludzie.fundacja-pih.pl\/?post_type=product&#038;p=5237"},"modified":"2025-05-16T14:23:42","modified_gmt":"2025-05-16T14:23:42","slug":"rutkowska-magdalena","status":"publish","type":"product","link":"http:\/\/ludzie.fundacja-pih.pl\/index.php\/product\/rutkowska-magdalena\/","title":{"rendered":"Rutkowska Magdalena"},"content":{"rendered":"<p>Urodzi\u0142a si\u0119 22 lipca 1947 roku w Szklarskiej Por\u0119bie.<\/p>\n<p>W 1982 roku w\u0142\u0105czy\u0142a si\u0119 w dzia\u0142alno\u015b\u0107 konspiracyjn\u0105 wroc\u0142awskich struktur \u201eSolidarno\u015bci Walcz\u0105cej\u201d. Pe\u0142ni\u0142a rol\u0119 \u0142\u0105czniczki mi\u0119dzy osobami przygotowuj\u0105cymi teksty, matryce i klisze dla prasy podziemnej sygnowanej przez SW. \u0141\u0105czy\u0142a struktury podziemne funkcjonuj\u0105ce na wroc\u0142awskich uczelniach. Wspomaga\u0142a organizacj\u0119 spotka\u0144 w\u0142adz SW oraz kolporta\u017c prasy podziemnej. Udost\u0119pnia\u0142a swoje  mieszkanie osobom ukrywaj\u0105cym si\u0119 przed w\u0142adzami komunistycznymi.<\/p>\n","protected":false},"excerpt":{"rendered":"<p>Urodzi\u0142a si\u0119 22 lipca 1947 roku w Szklarskiej Por\u0119bie. W 1982 roku w\u0142\u0105czy\u0142a si\u0119 w dzia\u0142alno\u015b\u0107 konspiracyjn\u0105 wroc\u0142awskich struktur \u201eSolidarno\u015bci Walcz\u0105cej\u201d. Pe\u0142ni\u0142a rol\u0119 \u0142\u0105czniczki mi\u0119dzy osobami przygotowuj\u0105cymi teksty, matryce i klisze dla prasy podziemnej sygnowanej przez SW. \u0141\u0105czy\u0142a struktury podziemne funkcjonuj\u0105ce na wroc\u0142awskich uczelniach. Wspomaga\u0142a organizacj\u0119 spotka\u0144 w\u0142adz SW oraz kolporta\u017c prasy podziemnej. Udost\u0119pnia\u0142a swoje [&hellip;]<\/p>\n","protected":false},"featured_media":0,"template":"","meta":[],"_links":{"self":[{"href":"http:\/\/ludzie.fundacja-pih.pl\/index.php\/wp-json\/wp\/v2\/product\/5237"}],"collection":[{"href":"http:\/\/ludzie.fundacja-pih.pl\/index.php\/wp-json\/wp\/v2\/product"}],"about":[{"href":"http:\/\/ludzie.fundacja-pih.pl\/index.php\/wp-json\/wp\/v2\/types\/product"}],"wp:attachment":[{"href":"http:\/\/ludzie.fundacja-pih.pl\/index.php\/wp-json\/wp\/v2\/media?parent=5237"}],"curies":[{"name":"wp","href":"https:\/\/api.w.org\/{rel}","templated":true}]}}