{"id":5238,"date":"2022-02-15T13:21:23","date_gmt":"2022-02-15T13:21:23","guid":{"rendered":"http:\/\/ludzie.fundacja-pih.pl\/?post_type=product&#038;p=5238"},"modified":"2025-05-16T14:23:42","modified_gmt":"2025-05-16T14:23:42","slug":"salczynski-feliks","status":"publish","type":"product","link":"http:\/\/ludzie.fundacja-pih.pl\/index.php\/product\/salczynski-feliks\/","title":{"rendered":"Salczy\u0144ski Feliks"},"content":{"rendered":"<p>Urodzi\u0142 si\u0119 25 wrze\u015bnia 1945 roku w Buren. <\/p>\n<p>By\u0142 cz\u0142onkiem \u201eSolidarno\u015bci Walcz\u0105cej\u201d. W zwi\u0105zku z dzia\u0142alno\u015bci\u0105 w tej organizacji by\u0142 rozpracowywany przez S\u0142u\u017cb\u0119 Bezpiecze\u0144stwa. W ramach swej aktywno\u015bci w SW zajmowa\u0142 si\u0119 kolporta\u017cem prasy konspiracyjnej, a tak\u017ce zbi\u00f3rk\u0105 pieni\u0119dzy na dzia\u0142alno\u015b\u0107 opozycyjn\u0105. <\/p>\n","protected":false},"excerpt":{"rendered":"<p>Urodzi\u0142 si\u0119 25 wrze\u015bnia 1945 roku w Buren. By\u0142 cz\u0142onkiem \u201eSolidarno\u015bci Walcz\u0105cej\u201d. W zwi\u0105zku z dzia\u0142alno\u015bci\u0105 w tej organizacji by\u0142 rozpracowywany przez S\u0142u\u017cb\u0119 Bezpiecze\u0144stwa. W ramach swej aktywno\u015bci w SW zajmowa\u0142 si\u0119 kolporta\u017cem prasy konspiracyjnej, a tak\u017ce zbi\u00f3rk\u0105 pieni\u0119dzy na dzia\u0142alno\u015b\u0107 opozycyjn\u0105.<\/p>\n","protected":false},"featured_media":0,"template":"","meta":[],"_links":{"self":[{"href":"http:\/\/ludzie.fundacja-pih.pl\/index.php\/wp-json\/wp\/v2\/product\/5238"}],"collection":[{"href":"http:\/\/ludzie.fundacja-pih.pl\/index.php\/wp-json\/wp\/v2\/product"}],"about":[{"href":"http:\/\/ludzie.fundacja-pih.pl\/index.php\/wp-json\/wp\/v2\/types\/product"}],"wp:attachment":[{"href":"http:\/\/ludzie.fundacja-pih.pl\/index.php\/wp-json\/wp\/v2\/media?parent=5238"}],"curies":[{"name":"wp","href":"https:\/\/api.w.org\/{rel}","templated":true}]}}