{"id":5243,"date":"2022-02-16T11:26:53","date_gmt":"2022-02-16T11:26:53","guid":{"rendered":"http:\/\/ludzie.fundacja-pih.pl\/?post_type=product&#038;p=5243"},"modified":"2025-05-16T14:23:43","modified_gmt":"2025-05-16T14:23:43","slug":"wilczynska-agnieszka","status":"publish","type":"product","link":"http:\/\/ludzie.fundacja-pih.pl\/index.php\/product\/wilczynska-agnieszka\/","title":{"rendered":"Wilczy\u0144ska Agnieszka"},"content":{"rendered":"<p>Urodzi\u0142a si\u0119 22 kwietnia 1959 roku we Wroc\u0142awiu.<\/p>\n<p>Dzia\u0142a\u0142a pod pseudonimem \u201eAgatka\u201d. W sierpniu 1980 roku bra\u0142a udzia\u0142 w strajkach. W 1981 roku, jako studentka i dzia\u0142aczka Niezale\u017cnego Zrzeszenia Student\u00f3w, zosta\u0142a wybrana na przewodnicz\u0105c\u0105 tej organizacji na Wydziale Gospodarki Narodowej Akademii Ekonomicznej we Wroc\u0142awiu. W 1982 roku rozpocz\u0119\u0142a dzia\u0142alno\u015b\u0107 w strukturach \u201eSolidarno\u015bci Walcz\u0105cej\u201d. Do 1988 roku pe\u0142ni\u0142a rol\u0119 \u0142\u0105czniczki mi\u0119dzy strukturami redakcji, osobami przygotowuj\u0105cymi matryce i klisze oraz drukarniami prasy podziemnej SW, w tym szczeg\u00f3lnie \u0142\u0105cz\u0105c struktury funkcjonuj\u0105ce we wroc\u0142awskich uczelniach. Wspomaga\u0142a przerzut mikrofilm\u00f3w dokumentuj\u0105cych dzia\u0142alno\u015b\u0107 SW zagranic\u0119 oraz organizacj\u0119 spotka\u0144 w\u0142adz SW. W latach 1989 &#8211; 1990 roku pe\u0142ni\u0142a rol\u0119 doradcy ekonomicznego Zarz\u0105du Regionu Dolny \u015al\u0105sk NSZZ \u201eSolidarno\u015b\u0107\u201d.<\/p>\n","protected":false},"excerpt":{"rendered":"<p>Urodzi\u0142a si\u0119 22 kwietnia 1959 roku we Wroc\u0142awiu. Dzia\u0142a\u0142a pod pseudonimem \u201eAgatka\u201d. W sierpniu 1980 roku bra\u0142a udzia\u0142 w strajkach. W 1981 roku, jako studentka i dzia\u0142aczka Niezale\u017cnego Zrzeszenia Student\u00f3w, zosta\u0142a wybrana na przewodnicz\u0105c\u0105 tej organizacji na Wydziale Gospodarki Narodowej Akademii Ekonomicznej we Wroc\u0142awiu. W 1982 roku rozpocz\u0119\u0142a dzia\u0142alno\u015b\u0107 w strukturach \u201eSolidarno\u015bci Walcz\u0105cej\u201d. Do 1988 [&hellip;]<\/p>\n","protected":false},"featured_media":0,"template":"","meta":[],"_links":{"self":[{"href":"http:\/\/ludzie.fundacja-pih.pl\/index.php\/wp-json\/wp\/v2\/product\/5243"}],"collection":[{"href":"http:\/\/ludzie.fundacja-pih.pl\/index.php\/wp-json\/wp\/v2\/product"}],"about":[{"href":"http:\/\/ludzie.fundacja-pih.pl\/index.php\/wp-json\/wp\/v2\/types\/product"}],"wp:attachment":[{"href":"http:\/\/ludzie.fundacja-pih.pl\/index.php\/wp-json\/wp\/v2\/media?parent=5243"}],"curies":[{"name":"wp","href":"https:\/\/api.w.org\/{rel}","templated":true}]}}