{"id":5288,"date":"2022-04-12T14:13:50","date_gmt":"2022-04-12T14:13:50","guid":{"rendered":"http:\/\/ludzie.fundacja-pih.pl\/?post_type=product&#038;p=5288"},"modified":"2025-05-16T14:23:45","modified_gmt":"2025-05-16T14:23:45","slug":"morawiecka-marta","status":"publish","type":"product","link":"http:\/\/ludzie.fundacja-pih.pl\/index.php\/product\/morawiecka-marta\/","title":{"rendered":"Morawiecka Marta"},"content":{"rendered":"<p>Urodzi\u0142a si\u0119 w 1965 roku we Wroc\u0142awiu.<\/p>\n<p>Do czasu wprowadzenia stanu wojennego, w trakcie nauki w Liceum Muzycznym we Wroc\u0142awiu, kolportowa\u0142a w\u015br\u00f3d uczni\u00f3w i nauczycieli \u201eBiuletyn Dolno\u015bl\u0105ski\u201d i ulotki. Wraz ze swoj\u0105 kole\u017cank\u0105, Edyt\u0105 Kosiel, organizowa\u0142a obchody rocznic 11 Listopada i 3 Maja w formie gazetek \u015bciennych i akcji na przerwach. Jesieni\u0105 1980 roku by\u0142a reprezentantem szko\u0142y do struktur Mi\u0119dzyszkolnego Uczniowskiego Komitetu Odnowy Spo\u0142ecznej (UKOS) w III LO. Wcze\u015bniej, kiedy przebywa\u0142a w chacie pod lasem w P\u0119gowie, pomaga\u0142a m.in. Zbigniewowi Duszakowi drukowa\u0107 i sk\u0142ada\u0107 \u201eBiuletyn Dolno\u015bl\u0105ski\u201d, a tak\u017ce ulotki po\u015bwi\u0119cone 40. Rocznicy Zbrodni Katy\u0144skiej w kwietniu 1980 roku. W czerwcu 1979 roku, wraz z rodzicami i gronem znajomych, uczestniczy\u0142a na krakowskich B\u0142oniach w mszy za Ojczyzn\u0119, ko\u0144cz\u0105c\u0105 I pielgrzymk\u0119 Jana Paw\u0142a II. Trzymali przygotowany na t\u0119 okazj\u0119 transparent z napisem \u201eWiara Niepodleg\u0142o\u015b\u0107\u201d. W nocy z 12 na 13 grudnia 1981 roku, do mieszkania rodzic\u00f3w Marty Morawieckiej wtargn\u0119\u0142o SB i milicja poszukuj\u0105ce jej ojca, Kornela Morawieckiego. Co kilka tygodni przeprowadzano rewizje, podczas kt\u00f3rych konfiskowano m.in. pras\u0119 oraz rzeczy osobiste. Inwigilowano rodzin\u0119, utrudniano dzia\u0142alno\u015b\u0107 konspiracyjn\u0105. W czasie stanu wojennego, Marta Morawiecka by\u0142a wielokrotnie przes\u0142uchiwana i prowadzono z ni\u0105 rozmowy ostrzegawcze. W miesi\u0119cznice stanu wojennego, bra\u0142a udzia\u0142 w mszach za Ojczyzn\u0119, uk\u0142ada\u0142a krzy\u017ce ze zniczy i uczestniczy\u0142a w demonstracjach. By\u0142a za to zatrzymywana, przes\u0142uchiwana i karana kolegiami. W szkole organizowa\u0142a ciche przerwy oraz kolportowa\u0142a ulotki i gazetki \u201eSolidarno\u015bci Walcz\u0105cej\u201d. Jako studentka Instytutu Historii Uniwersytetu Wroc\u0142awskiego i cz\u0142onek Duszpasterstwa Akademickiego oo. Dominikan\u00f3w, kontynuowa\u0142a kolporta\u017c ulotek i prasy SW. Dzia\u0142a\u0142a z kolegami ze studi\u00f3w: Andrzejem Monarsterskim, Rados\u0142awem Molendowiczem, Magdalen\u0105 Wapniarczuk, Arkadiuszem Urbanem i Krzysztofem Zychl\u0105. Wsp\u00f3lnie kolportowali pras\u0119 SW, sprzedawali znaczki organizacji, malowali symbole SW na murach. Marta Morawiecka zaanga\u017cowa\u0142a si\u0119 tak\u017ce w dzia\u0142alno\u015b\u0107 podziemnego NZS. Kilkukrotnie bra\u0142a udzia\u0142 w Pieszej Pielgrzymce z Wroc\u0142awia do Cz\u0119stochowy z widocznymi emblematami \u201eSolidarno\u015bci\u201d. By\u0142a uczestniczk\u0105 mszy za Ojczyzn\u0119 w czerwcu 1987 roku sprawowanej przez papie\u017ca Jana Paw\u0142a II na gda\u0144skiej Zaspie. Po jej zako\u0144czeniu, bra\u0142a udzia\u0142 w demonstracji, kt\u00f3ra zosta\u0142a rozbita przez ZOMO. W trakcie tej akcji, chroni\u0142a swoj\u0105 mam\u0119 przed zomowcami. Kiedy w listopadzie 1987 roku zosta\u0142 zatrzymany Kornel Morawiecki, rozwiesza\u0142a plakaty \u017c\u0105daj\u0105ce uwolnienia przyw\u00f3dcy SW, a tak\u017ce ubezpiecza\u0142a brata Mateusza podczas pisania na murze has\u0142a \u201eUwolni\u0107 Kornela Morawieckiego\u201d. W maju 1988 roku uczestniczy\u0142a w 24-godzinnym strajku studenckim w gmachu filologii polskiej Uniwersytetu Wroc\u0142awskiego domagaj\u0105c si\u0119 uwolnienia aresztowanych, prawa powrotu Kornela Morawieckiego do Polski oraz zalegalizowanie \u201eSolidarno\u015bci\u201d i NZS. Bra\u0142a udzia\u0142 we wroc\u0142awskich akcjach Pomara\u0144czowej Alternatywy, m.in. podr\u00f3\u017cy po Wroc\u0142awiu \u201eFradusiem\u201d. Przez ca\u0142y PRL w\u0142adza odmawia\u0142a jej paszportu. Marta Morawiecka by\u0142a przeciwna rozmowom i ustaleniom Okr\u0105g\u0142ego Sto\u0142u. \u015awiadomie zbojkotowa\u0142a r\u00f3wnie\u017c wybory z 4 czerwca 1989 roku. Wraz z bratem Mateuszem, zabra\u0142a transparenty \u201eSolidarno\u015bci\u201d i SW do Budapesztu, bior\u0105c udzia\u0142 w uroczysto\u015bciach pogrzebowych Imre Nagya, przyw\u00f3dcy Powstania W\u0119gierskiego z 1956 roku. Kiedy Kornel Morawiecki w lipcu 1990 roku za\u0142o\u017cy\u0142 parti\u0119 Wolno\u015b\u0107, zosta\u0142a jej cz\u0142onkiem. Pomaga\u0142a m.in. w redakcji gazety \u201eDwa Dni\u201d. Wspiera\u0142a polityczn\u0105 dzia\u0142alno\u015b\u0107 swojego ojca. Decyzj\u0105 Prezydenta RP Andrzeja Dudy z dnia 5.12.2019 r. otrzyma\u0142a Krzy\u017c Wolno\u015bci i Solidarno\u015bci.<\/p>\n","protected":false},"excerpt":{"rendered":"<p>Urodzi\u0142a si\u0119 w 1965 roku we Wroc\u0142awiu. Do czasu wprowadzenia stanu wojennego, w trakcie nauki w Liceum Muzycznym we Wroc\u0142awiu, kolportowa\u0142a w\u015br\u00f3d uczni\u00f3w i nauczycieli \u201eBiuletyn Dolno\u015bl\u0105ski\u201d i ulotki. Wraz ze swoj\u0105 kole\u017cank\u0105, Edyt\u0105 Kosiel, organizowa\u0142a obchody rocznic 11 Listopada i 3 Maja w formie gazetek \u015bciennych i akcji na przerwach. Jesieni\u0105 1980 roku by\u0142a [&hellip;]<\/p>\n","protected":false},"featured_media":5289,"template":"","meta":[],"_links":{"self":[{"href":"http:\/\/ludzie.fundacja-pih.pl\/index.php\/wp-json\/wp\/v2\/product\/5288"}],"collection":[{"href":"http:\/\/ludzie.fundacja-pih.pl\/index.php\/wp-json\/wp\/v2\/product"}],"about":[{"href":"http:\/\/ludzie.fundacja-pih.pl\/index.php\/wp-json\/wp\/v2\/types\/product"}],"wp:featuredmedia":[{"embeddable":true,"href":"http:\/\/ludzie.fundacja-pih.pl\/index.php\/wp-json\/wp\/v2\/media\/5289"}],"wp:attachment":[{"href":"http:\/\/ludzie.fundacja-pih.pl\/index.php\/wp-json\/wp\/v2\/media?parent=5288"}],"curies":[{"name":"wp","href":"https:\/\/api.w.org\/{rel}","templated":true}]}}