{"id":5296,"date":"2022-04-14T09:30:25","date_gmt":"2022-04-14T09:30:25","guid":{"rendered":"http:\/\/ludzie.fundacja-pih.pl\/?post_type=product&#038;p=5296"},"modified":"2025-05-16T14:23:46","modified_gmt":"2025-05-16T14:23:46","slug":"dryll-wanda","status":"publish","type":"product","link":"http:\/\/ludzie.fundacja-pih.pl\/index.php\/product\/dryll-wanda\/","title":{"rendered":"Dryll Wanda"},"content":{"rendered":"<p>Urodzi\u0142a si\u0119 23 listopada 1947 roku we Wroc\u0142awiu. <\/p>\n<p>W czasie stanu wojennego, a tak\u017ce po jego formalnym zako\u0144czeniu udost\u0119pnia\u0142a swoje mieszkanie na spotkania konspiracyjne dzia\u0142aczom \u201eSolidarno\u015bci\u201d, jak i \u201eSolidarno\u015bci Walcz\u0105cej\u201d. Jej mieszkanie pe\u0142ni\u0142o tak\u017ce funkcje tzw. skrzynki kontaktowej. Po powstaniu \u201eSolidarno\u015bci Walcz\u0105cej\u201d zajmowa\u0142a si\u0119 pracami redakcyjnymi i korektorskimi w redakcji pisma \u201eSolidarno\u015b\u0107 Walcz\u0105ca\u201d, a tak\u017ce pozosta\u0142ymi wydawnictwami SW. <\/p>\n","protected":false},"excerpt":{"rendered":"<p>Urodzi\u0142a si\u0119 23 listopada 1947 roku we Wroc\u0142awiu. W czasie stanu wojennego, a tak\u017ce po jego formalnym zako\u0144czeniu udost\u0119pnia\u0142a swoje mieszkanie na spotkania konspiracyjne dzia\u0142aczom \u201eSolidarno\u015bci\u201d, jak i \u201eSolidarno\u015bci Walcz\u0105cej\u201d. Jej mieszkanie pe\u0142ni\u0142o tak\u017ce funkcje tzw. skrzynki kontaktowej. Po powstaniu \u201eSolidarno\u015bci Walcz\u0105cej\u201d zajmowa\u0142a si\u0119 pracami redakcyjnymi i korektorskimi w redakcji pisma \u201eSolidarno\u015b\u0107 Walcz\u0105ca\u201d, a tak\u017ce [&hellip;]<\/p>\n","protected":false},"featured_media":0,"template":"","meta":[],"_links":{"self":[{"href":"http:\/\/ludzie.fundacja-pih.pl\/index.php\/wp-json\/wp\/v2\/product\/5296"}],"collection":[{"href":"http:\/\/ludzie.fundacja-pih.pl\/index.php\/wp-json\/wp\/v2\/product"}],"about":[{"href":"http:\/\/ludzie.fundacja-pih.pl\/index.php\/wp-json\/wp\/v2\/types\/product"}],"wp:attachment":[{"href":"http:\/\/ludzie.fundacja-pih.pl\/index.php\/wp-json\/wp\/v2\/media?parent=5296"}],"curies":[{"name":"wp","href":"https:\/\/api.w.org\/{rel}","templated":true}]}}