{"id":5300,"date":"2022-04-14T11:02:16","date_gmt":"2022-04-14T11:02:16","guid":{"rendered":"http:\/\/ludzie.fundacja-pih.pl\/?post_type=product&#038;p=5300"},"modified":"2025-05-16T14:23:48","modified_gmt":"2025-05-16T14:23:48","slug":"adamczyk-stanislaw","status":"publish","type":"product","link":"http:\/\/ludzie.fundacja-pih.pl\/index.php\/product\/adamczyk-stanislaw\/","title":{"rendered":"Adamczyk Stanis\u0142aw"},"content":{"rendered":"<p>Urodzi\u0142 si\u0119 w 1952 roku w Chrz\u0105stawie Wielkiej.<\/p>\n<p>By\u0142 cz\u0142onkiem NSZZ ,,Solidarno\u015b\u0107\u201d zwi\u0105zanym z tzw. Grup\u0105 Jelcza\u0144sk\u0105, dzia\u0142aj\u0105c\u0105 na terenie Jelcza\u0144skich Zak\u0142ad\u00f3w Samochodowych w Jelczu. W ramach prowadzonej dzia\u0142alno\u015bci  zbiera\u0142 sk\u0142adki pieni\u0119\u017cne na dzia\u0142alno\u015b\u0107 zwi\u0105zkow\u0105 i kolportowa\u0142 wydawnictwa podziemne w tym m.in: ,,Gross Rosen\u201d, ,,Z Dnia na Dzie\u0144\u201d, ,,Solidarno\u015b\u0107 Walcz\u0105ca\u201d ,,Tygodnik Wojenny\u201d, ,,Podaj Dalej\u201d. W maju 1982 roku zosta\u0142 internowany i osadzony w O\u015brodku Odosobnienia w Zak\u0142adzie Karnym w Nysie, gdzie przebywa\u0142 do lipca 1982 roku. Po wyj\u015bciu na wolno\u015b\u0107 kontynuowa\u0142 dzia\u0142alno\u015b\u0107 konspiracyjn\u0105 i by\u0142 rozpracowywany przez SB. W 2016 roku  na podstawie postanowienia Prezydenta RP \u2013 nr 453\/2016 &#8211;  nadano mu Krzy\u017c Wolno\u015bci i Solidarno\u015bci.<\/p>\n","protected":false},"excerpt":{"rendered":"<p>Urodzi\u0142 si\u0119 w 1952 roku w Chrz\u0105stawie Wielkiej. By\u0142 cz\u0142onkiem NSZZ ,,Solidarno\u015b\u0107\u201d zwi\u0105zanym z tzw. Grup\u0105 Jelcza\u0144sk\u0105, dzia\u0142aj\u0105c\u0105 na terenie Jelcza\u0144skich Zak\u0142ad\u00f3w Samochodowych w Jelczu. W ramach prowadzonej dzia\u0142alno\u015bci zbiera\u0142 sk\u0142adki pieni\u0119\u017cne na dzia\u0142alno\u015b\u0107 zwi\u0105zkow\u0105 i kolportowa\u0142 wydawnictwa podziemne w tym m.in: ,,Gross Rosen\u201d, ,,Z Dnia na Dzie\u0144\u201d, ,,Solidarno\u015b\u0107 Walcz\u0105ca\u201d ,,Tygodnik Wojenny\u201d, ,,Podaj Dalej\u201d. W [&hellip;]<\/p>\n","protected":false},"featured_media":0,"template":"","meta":[],"_links":{"self":[{"href":"http:\/\/ludzie.fundacja-pih.pl\/index.php\/wp-json\/wp\/v2\/product\/5300"}],"collection":[{"href":"http:\/\/ludzie.fundacja-pih.pl\/index.php\/wp-json\/wp\/v2\/product"}],"about":[{"href":"http:\/\/ludzie.fundacja-pih.pl\/index.php\/wp-json\/wp\/v2\/types\/product"}],"wp:attachment":[{"href":"http:\/\/ludzie.fundacja-pih.pl\/index.php\/wp-json\/wp\/v2\/media?parent=5300"}],"curies":[{"name":"wp","href":"https:\/\/api.w.org\/{rel}","templated":true}]}}