{"id":5326,"date":"2022-04-27T09:33:14","date_gmt":"2022-04-27T09:33:14","guid":{"rendered":"http:\/\/ludzie.fundacja-pih.pl\/?post_type=product&#038;p=5326"},"modified":"2025-05-16T14:23:50","modified_gmt":"2025-05-16T14:23:50","slug":"dziegielewski-zbigniew","status":"publish","type":"product","link":"http:\/\/ludzie.fundacja-pih.pl\/index.php\/product\/dziegielewski-zbigniew\/","title":{"rendered":"Dzi\u0119gielewski Zbigniew"},"content":{"rendered":"<p>Urodzi\u0142 si\u0119 22 marca 1964 roku w Byczynie.<\/p>\n<p>Po wprowadzeniu stanu wojennego, pod koniec grudnia 1981 roku samodzielnie i z w\u0142asnej inicjatywy, wykonywa\u0142 antyre\u017cimowe ulotki i rozkleja\u0142 je na klatkach schodowych na jedynym z opolskich osiedli mieszkaniowych. Wkr\u00f3tce potem, r\u00f3wnie\u017c dzia\u0142aj\u0105c w pojedynk\u0119, malowa\u0142 na murach antyre\u017cimowe i prosolidarno\u015bciowe napisy. W marcu 1982 roku zosta\u0142 zatrzymany przez milicj\u0119 i pobity na komendzie. Po zwolnieniu kontynuowa\u0142 dzia\u0142alno\u015b\u0107 antykomunistyczn\u0105.  Pr\u00f3cz akcji malowania napis\u00f3w antyre\u017cimowych na murach, zaanga\u017cowa\u0142 si\u0119 r\u00f3wnie\u017c w kolporta\u017c wydawnictw podziemnych. Kopiowa\u0142 kasety z patriotycznymi piosenkami Jacka Kaczmarskiego i sprzedawa\u0142 je, a uzyskany ze sprzeda\u017cy doch\u00f3w przekazywa\u0142 na dzia\u0142alno\u015b\u0107 struktur podziemnych. Zosta\u0142 cz\u0142onkiem M\u0142odzie\u017cowej Grupy Niepodleg\u0142o\u015bciowej \u201ePokolenie 80-88\u201d. W 1988 roku wraz z kolegami z konspiracji zosta\u0142 aresztowany, a w jego domu zosta\u0142a przeprowadzona rewizja. W chwili aresztowania Zbigniew Dzi\u0119gielewski by\u0142 pracownikiem opolskiego ZOZ. Z dyrekcj\u0105 ZOZ skontaktowali si\u0119 w\u00f3wczas funkcjonariusze SB i \u017c\u0105dali zwolnienia Zbigniewa Dzi\u0119gielwskiego z pracy, uzasadniaj\u0105c to jego rzekom\u0105 dzia\u0142alno\u015bci\u0105 terrorystyczn\u0105. Wsp\u00f3\u0142pracowa\u0142 z \u201eSolidarno\u015bci\u0105 Walcz\u0105c\u0105\u201d.<\/p>\n","protected":false},"excerpt":{"rendered":"<p>Urodzi\u0142 si\u0119 22 marca 1964 roku w Byczynie. Po wprowadzeniu stanu wojennego, pod koniec grudnia 1981 roku samodzielnie i z w\u0142asnej inicjatywy, wykonywa\u0142 antyre\u017cimowe ulotki i rozkleja\u0142 je na klatkach schodowych na jedynym z opolskich osiedli mieszkaniowych. Wkr\u00f3tce potem, r\u00f3wnie\u017c dzia\u0142aj\u0105c w pojedynk\u0119, malowa\u0142 na murach antyre\u017cimowe i prosolidarno\u015bciowe napisy. W marcu 1982 roku zosta\u0142 [&hellip;]<\/p>\n","protected":false},"featured_media":5327,"template":"","meta":[],"_links":{"self":[{"href":"http:\/\/ludzie.fundacja-pih.pl\/index.php\/wp-json\/wp\/v2\/product\/5326"}],"collection":[{"href":"http:\/\/ludzie.fundacja-pih.pl\/index.php\/wp-json\/wp\/v2\/product"}],"about":[{"href":"http:\/\/ludzie.fundacja-pih.pl\/index.php\/wp-json\/wp\/v2\/types\/product"}],"wp:featuredmedia":[{"embeddable":true,"href":"http:\/\/ludzie.fundacja-pih.pl\/index.php\/wp-json\/wp\/v2\/media\/5327"}],"wp:attachment":[{"href":"http:\/\/ludzie.fundacja-pih.pl\/index.php\/wp-json\/wp\/v2\/media?parent=5326"}],"curies":[{"name":"wp","href":"https:\/\/api.w.org\/{rel}","templated":true}]}}