{"id":5328,"date":"2022-04-27T09:36:26","date_gmt":"2022-04-27T09:36:26","guid":{"rendered":"http:\/\/ludzie.fundacja-pih.pl\/?post_type=product&#038;p=5328"},"modified":"2025-05-16T14:23:50","modified_gmt":"2025-05-16T14:23:50","slug":"kruk-cezary","status":"publish","type":"product","link":"http:\/\/ludzie.fundacja-pih.pl\/index.php\/product\/kruk-cezary\/","title":{"rendered":"Kruk Cezary"},"content":{"rendered":"<p>Urodzi\u0142 si\u0119 5 sierpnia 1962 roku w Na\u0142\u0119czowie.<\/p>\n<p>W dzia\u0142alno\u015b\u0107 konspiracyjn\u0105 zaanga\u017cowa\u0142 si\u0119 jeszcze na studiach. Wsp\u00f3\u0142pracowa\u0142 m.in. z \u201eSolidarno\u015bci\u0105 Walcz\u0105c\u0105\u201d. Kolportowa\u0142 wydawnictwa podziemne takie, jak: \u201eTygodnik Mazowsze\u201d, \u201eZ Dnia na Dzie\u0144\u201d oraz wydawnictwa \u201eSolidarno\u015bci Walcz\u0105cej\u201d. W zwi\u0105zku z powy\u017csz\u0105 dzia\u0142alno\u015bci\u0105 SB wszcz\u0119\u0142a wobec niego Spraw\u0119 Operacyjnego Rozpracowania [SOR], kt\u00f3re zarejestrowa\u0142 ponownie Wydzia\u0142 III WUSW w Olsztynie do nr OI 18019 w ramach SOR o kryptonimie \u201eWiktoria II\u201d. W dniu 12 czerwca 1987 roku, podczas wizyty w Polsce papie\u017ca Jana Paw\u0142a II, Cezary Kruk zosta\u0142 zatrzymany w trakcie zaj\u015b\u0107 ulicznych na 48 godzin. W czasie zatrzymania zosta\u0142 pobity pa\u0142k\u0105 gumow\u0105. Rozpracowanie Cezarego Kruka przez SB zako\u0144czy\u0142o si\u0119 w zwi\u0105zku z ukaraniem go przez Kolegium Rejonowe ds. Wykrocze\u0144 przy Prezydencie Miasta Olsztyna. Wydzia\u0142 \u015aledczy WUSW w Olsztynie 30 marca 1987 roku skierowa\u0142 do Kolegium Rejonowego ds. Wykrocze\u0144 przy Prezydencie Miasta Olsztyna zatwierdzony przez Prokuratur\u0119 Rejonow\u0105 w Olsztynie, wniosek o ukaranie Cezarego Kruka za to, \u017ce \u201ew okresie od roku 1986 roku do 2 marca 1987 roku w Olsztynie nie maj\u0105c zezwolenia sporz\u0105dza\u0142, przechowywa\u0142 i rozpowszechnia\u0142 nielegalne wydawnictwa i publikacje\u201d. Kolegium orzeczeniem z 16 kwietnia 1987 roku ukara\u0142o go grzywn\u0105 w wysoko\u015bci 50000 z\u0142, przepadkiem wydawnictw i publikacji na rzecz WUSW w Olsztynie oraz 1000 z\u0142 za koszty post\u0119powania. 13 maja 1987 roku Kolegium ds. Wykrocze\u0144 przy Wojewodzie Olszty\u0144skim utrzyma\u0142o postanowienie kolegium I instancji w mocy. Cezary Kruk by\u0142 redaktorem naczelnym pisma Konfederacji Polski Niepodleg\u0142ej Rejon Pu\u0142awy \u201eOrlik\u201d wydawanego od marca 1989 roku do prze\u0142omu 1989\/1990 roku.<\/p>\n","protected":false},"excerpt":{"rendered":"<p>Urodzi\u0142 si\u0119 5 sierpnia 1962 roku w Na\u0142\u0119czowie. W dzia\u0142alno\u015b\u0107 konspiracyjn\u0105 zaanga\u017cowa\u0142 si\u0119 jeszcze na studiach. Wsp\u00f3\u0142pracowa\u0142 m.in. z \u201eSolidarno\u015bci\u0105 Walcz\u0105c\u0105\u201d. Kolportowa\u0142 wydawnictwa podziemne takie, jak: \u201eTygodnik Mazowsze\u201d, \u201eZ Dnia na Dzie\u0144\u201d oraz wydawnictwa \u201eSolidarno\u015bci Walcz\u0105cej\u201d. W zwi\u0105zku z powy\u017csz\u0105 dzia\u0142alno\u015bci\u0105 SB wszcz\u0119\u0142a wobec niego Spraw\u0119 Operacyjnego Rozpracowania [SOR], kt\u00f3re zarejestrowa\u0142 ponownie Wydzia\u0142 III WUSW [&hellip;]<\/p>\n","protected":false},"featured_media":0,"template":"","meta":[],"_links":{"self":[{"href":"http:\/\/ludzie.fundacja-pih.pl\/index.php\/wp-json\/wp\/v2\/product\/5328"}],"collection":[{"href":"http:\/\/ludzie.fundacja-pih.pl\/index.php\/wp-json\/wp\/v2\/product"}],"about":[{"href":"http:\/\/ludzie.fundacja-pih.pl\/index.php\/wp-json\/wp\/v2\/types\/product"}],"wp:attachment":[{"href":"http:\/\/ludzie.fundacja-pih.pl\/index.php\/wp-json\/wp\/v2\/media?parent=5328"}],"curies":[{"name":"wp","href":"https:\/\/api.w.org\/{rel}","templated":true}]}}