{"id":5381,"date":"2022-05-02T07:44:59","date_gmt":"2022-05-02T07:44:59","guid":{"rendered":"http:\/\/ludzie.fundacja-pih.pl\/?post_type=product&#038;p=5381"},"modified":"2025-05-16T14:23:51","modified_gmt":"2025-05-16T14:23:51","slug":"blazewicz-pawel","status":"publish","type":"product","link":"http:\/\/ludzie.fundacja-pih.pl\/index.php\/product\/blazewicz-pawel\/","title":{"rendered":"B\u0142a\u017cewicz Pawe\u0142"},"content":{"rendered":"<p>Urodzi\u0142 si\u0119 26 marca 1972 roku we Wroc\u0142awiu.<\/p>\n<p>Jako nieletni  bra\u0142 czynny udzia\u0142 w dzia\u0142alno\u015bci jednej z najwi\u0119kszych i najd\u0142u\u017cej dzia\u0142aj\u0105cych drukar\u0144 wroc\u0142awskich. Drukarnia ta, nieprzerwanie przez 5 lat &#8211; dzia\u0142a\u0142a w jego  domu rodzinnym, a nast\u0119pnie pod innymi adresami jako oficyna wydawnicza im. Grzegorza Przemyka we Wroc\u0142awiu. Na potrzeby konspiracji ta sama drukarnia wydawa\u0142a cz\u0119sto materia\u0142y pod szyldem Biblioteki \u201eWyrostka\u201d, \u201eBiblioteki Robotniczej\u201d i innymi. Drukowa\u0142a takie tytu\u0142y jak \u201eZ Dnia na Dzie\u0144\u201d, \u201eBiuletyn Informacyjny Solidarno\u015bci Walcz\u0105cej\u201d, \u201eWiadomo\u015bci Bie\u017c\u0105ce\u201d, a tak\u017ce r\u00f3\u017cne materia\u0142y na zlecenie NZS oraz r\u00f3\u017cnych organizacji zak\u0142adowych \u201eSolidarno\u015bci\u201d. Pawe\u0142 B\u0142a\u017cewicz od roku 1982 do 1990 roku by\u0142 zaanga\u017cowany w jej dzia\u0142alno\u015b\u0107 pe\u0142ni\u0105c r\u00f3\u017cne funkcje w tym jako kurier informacji i matryc, jako pomocnik drukarza, jako drukarz i kolporter mi\u0119dzy drukarni\u0105 a kolporterami pierwszego kontaktu. Ponadto w kwestiach niezwi\u0105zanych z Oficyn\u0105 im. G. Przemyka uczestniczy\u0142 w ubezpieczaniu odzyskiwania nadajnik\u00f3w po emisji \u201eRadia Solidarno\u015b\u0107\u201d, klejeniu ulotek i pisaniu na murach. W trakcie nielegalnej akcji \u201eMozaika\u201d \u2013 by\u0142a to akcja liczenia uczestnik\u00f3w re\u017cimowych wybor\u00f3w w 1988 roku &#8211; zosta\u0142 zatrzymany do przeszukania w trakcie wykonywania zadania. Pawe\u0142 B\u0142a\u017cewicz  wsp\u00f3\u0142organizowa\u0142 r\u00f3wnie\u017c nielegaln\u0105 biblioteczk\u0119 szkoln\u0105 w XIII LO im. Polonii Belgijskiej, wsp\u00f3\u0142zak\u0142ada\u0142 XIII Dru\u017cyn\u0119 Harcerzy ZHR, a nast\u0119pnie zosta\u0142 jej zast\u0119powym. Dwukrotnie by\u0142 zatrzymany w czasie manifestacji i przewieziony \u2013 za pierwszym razem &#8211; do siedziby SB na ul. \u0141\u0105kow\u0105, za drugim razem &#8211; na komend\u0119 na ul Grunwaldzkiej we Wroc\u0142awiu.<\/p>\n","protected":false},"excerpt":{"rendered":"<p>Urodzi\u0142 si\u0119 26 marca 1972 roku we Wroc\u0142awiu. Jako nieletni bra\u0142 czynny udzia\u0142 w dzia\u0142alno\u015bci jednej z najwi\u0119kszych i najd\u0142u\u017cej dzia\u0142aj\u0105cych drukar\u0144 wroc\u0142awskich. Drukarnia ta, nieprzerwanie przez 5 lat &#8211; dzia\u0142a\u0142a w jego domu rodzinnym, a nast\u0119pnie pod innymi adresami jako oficyna wydawnicza im. Grzegorza Przemyka we Wroc\u0142awiu. Na potrzeby konspiracji ta sama drukarnia wydawa\u0142a [&hellip;]<\/p>\n","protected":false},"featured_media":0,"template":"","meta":[],"_links":{"self":[{"href":"http:\/\/ludzie.fundacja-pih.pl\/index.php\/wp-json\/wp\/v2\/product\/5381"}],"collection":[{"href":"http:\/\/ludzie.fundacja-pih.pl\/index.php\/wp-json\/wp\/v2\/product"}],"about":[{"href":"http:\/\/ludzie.fundacja-pih.pl\/index.php\/wp-json\/wp\/v2\/types\/product"}],"wp:attachment":[{"href":"http:\/\/ludzie.fundacja-pih.pl\/index.php\/wp-json\/wp\/v2\/media?parent=5381"}],"curies":[{"name":"wp","href":"https:\/\/api.w.org\/{rel}","templated":true}]}}