{"id":5510,"date":"2022-07-26T09:58:13","date_gmt":"2022-07-26T09:58:13","guid":{"rendered":"http:\/\/ludzie.fundacja-pih.pl\/?post_type=product&#038;p=5510"},"modified":"2025-05-16T14:23:53","modified_gmt":"2025-05-16T14:23:53","slug":"wozniak-zbigniew","status":"publish","type":"product","link":"http:\/\/ludzie.fundacja-pih.pl\/index.php\/product\/wozniak-zbigniew\/","title":{"rendered":"Wo\u017aniak Zbigniew"},"content":{"rendered":"<p>Urodzi\u0142 si\u0119 10 kwietnia 1957 r. w \u0141odzi. <\/p>\n<p>Studiowa\u0142 na Wydziale Matematyczno-Fizyczno-Chemicznym Uniwersytetu Wroc\u0142awskiego. Od czerwca 1982 r. dzia\u0142a\u0142 w Solidarno\u015bci Walcz\u0105cej. By\u0142 drukarzem i kolporterem. 8 listopada 1982 r. zosta\u0142 aresztowany w mieszkaniu innej osoby podczas kolporta\u017cu materia\u0142\u00f3w SW (\u015bwie\u017co wydrukowany 22 nr \u201eSolidarno\u015bci Walcz\u0105cej\u201d). Od 10 listopada by\u0142 internowany w Zak\u0142adzie Karnym w Strzelinie. 8 czerwca 1983 r. S\u0105d Wojew\u00f3dzki we Wroc\u0142awiu uzna\u0142 winnym Zbigniewa Wo\u017aniaka i skaza\u0142 go na rok pozbawienia wolno\u015bci w zawieszeniu na okres 2 lat oraz zobowi\u0105za\u0142 go do kontynuowania nauki lub do pracy zarobkowej, a tak\u017ce do pokrycia koszt\u00f3w s\u0105dowych. Po zwolnieniu, zaanga\u017cowa\u0142 si\u0119 w dalsz\u0105 dzia\u0142alno\u015b\u0107 podziemn\u0105. <\/p>\n","protected":false},"excerpt":{"rendered":"<p>Urodzi\u0142 si\u0119 10 kwietnia 1957 r. w \u0141odzi. Studiowa\u0142 na Wydziale Matematyczno-Fizyczno-Chemicznym Uniwersytetu Wroc\u0142awskiego. Od czerwca 1982 r. dzia\u0142a\u0142 w Solidarno\u015bci Walcz\u0105cej. By\u0142 drukarzem i kolporterem. 8 listopada 1982 r. zosta\u0142 aresztowany w mieszkaniu innej osoby podczas kolporta\u017cu materia\u0142\u00f3w SW (\u015bwie\u017co wydrukowany 22 nr \u201eSolidarno\u015bci Walcz\u0105cej\u201d). Od 10 listopada by\u0142 internowany w Zak\u0142adzie Karnym w [&hellip;]<\/p>\n","protected":false},"featured_media":0,"template":"","meta":[],"_links":{"self":[{"href":"http:\/\/ludzie.fundacja-pih.pl\/index.php\/wp-json\/wp\/v2\/product\/5510"}],"collection":[{"href":"http:\/\/ludzie.fundacja-pih.pl\/index.php\/wp-json\/wp\/v2\/product"}],"about":[{"href":"http:\/\/ludzie.fundacja-pih.pl\/index.php\/wp-json\/wp\/v2\/types\/product"}],"wp:attachment":[{"href":"http:\/\/ludzie.fundacja-pih.pl\/index.php\/wp-json\/wp\/v2\/media?parent=5510"}],"curies":[{"name":"wp","href":"https:\/\/api.w.org\/{rel}","templated":true}]}}