{"id":5511,"date":"2022-07-27T13:22:49","date_gmt":"2022-07-27T13:22:49","guid":{"rendered":"http:\/\/ludzie.fundacja-pih.pl\/?post_type=product&#038;p=5511"},"modified":"2025-05-16T14:23:53","modified_gmt":"2025-05-16T14:23:53","slug":"buczek-radoslaw","status":"publish","type":"product","link":"http:\/\/ludzie.fundacja-pih.pl\/index.php\/product\/buczek-radoslaw\/","title":{"rendered":"Buczek Rados\u0142aw"},"content":{"rendered":"<p>Urodzi\u0142 si\u0119 w 1964 r. By\u0142 uczniem Technikum kolejowego we Wroc\u0142awiu w latach 1979-1984. By\u0142 harcerzem orlim wed\u0142ug wymaga\u0144 stopni przedwojennych, a nast\u0119pnie instruktorem w stopniu pwd. (przewodnik). W 1981 r. by\u0142 uczestnikiem II Jubileuszowego Zlotu na 70 Lecie Harcerstwa na krakowskich B\u0142oniach. Uczestniczy\u0142 cyklicznych harcerskich wydarzeniach pt. \u201dAkcji pod Arsena\u0142em\u201d. W stanie wojennym uczestniczy\u0142 w wyst\u0105pieniach ulicznych w rejonie Zajezdni MPK nr 7 przy ul. Grabiszy\u0144skiej we Wroc\u0142awiu, Placu Pereca, ul. Lwowskiej, Szcz\u0119\u015bliwej tak 13 czerwca, jak i 31 sierpnia 1982 roku. W tym czasie bra\u0142 czynny udzia\u0142 i pomaga\u0142 w organizacji nielegalnych wyjazdowych spektakli Teatru Wsp\u00f3\u0142czesnego we Wroc\u0142awiu. Uczestniczy\u0142 w cyklicznych spotka\u0144 z przyw\u00f3dcami opozycji oraz w \u201eMszach za Ojczyzn\u0119\u201d w parafii pw. \u015bw. Klemensa Dworzaka przy Alei Pracy we Wroc\u0142awiu. By\u0142 tak\u017ce uczestnikiem Duszpasterstwa Akademickiego przy ul. Bujwida oraz Ojc\u00f3w Kapucyn\u00f3w przy ul. Sudeckiej. Kolportowa\u0142 wydawnictwa II obiegu Podziemnej Solidarno\u015bci oraz Solidarno\u015bci Walcz\u0105cej. By\u0142 dzia\u0142aczem struktur Solidarno\u015bci Walcz\u0105cej. Wsp\u00f3\u0142organizowa\u0142 pielgrzymki \u201dLudzi Pracy\u201d do Sanktuarium w Wambierzycach. Podczas pielgrzymki Jana Paw\u0142a II w 1983 roku, pe\u0142ni\u0142 \u201ebia\u0142\u0105 s\u0142u\u017cb\u0119\u201d w ramach Ruchu Harcerskiego na terenie Wroc\u0142awskiego Toru Wy\u015bcig\u00f3w Konnych oraz przed Katedr\u0105 we Wroc\u0142awiu. W 1983 roku by\u0142 przes\u0142uchiwany przez SB na okoliczno\u015b\u0107 organizacji mszy dla harcerzy w o\u0142obockim ko\u015bciele podczas HAL w Krzeczkowie. W czerwcu 1984 roku we Wroc\u0142awiu w czasie akcji SW i podziemnego harcerstwa bra\u0142 udzia\u0142 w liczeniu prawdziwej frekwencji podczas wybor\u00f3w do Rad Narodowych. W ramach dzia\u0142alno\u015bci harcerskiej wsp\u00f3\u0142pracowa\u0142 z by\u0142ymi oficerami i \u017co\u0142nierzami Pu\u0142ku U\u0142an\u00f3w Karpackich oraz bra\u0142 udzia\u0142 w ods\u0142oni\u0119ciu tablicy poleg\u0142ych U\u0142an\u00f3w Karpackich w Warszawie. Uhonorowany pami\u0105tkowym medalem Pu\u0142ku U\u0142an\u00f3w Karpackich. Wsp\u00f3\u0142pracowa\u0142 z POS \u201dJerzyki\u201d i w 1987 roku bra\u0142 udzia\u0142 w dekoracji sztandaru z\u0142otym krzy\u017cem Orderu Virtuti Militari. W 1988 roku bra\u0142 udzia\u0142 w przygotowaniach do akcji \u201dWykus\u201d. Od 1988 roku wsp\u00f3\u0142pracownik NSZZ Solidarno\u015b\u0107 Kolejarzy Okr\u0119gu Wroc\u0142aw. W pocz\u0105tkowych latach 90-tych by\u0142 Wiceprzewodnicz\u0105cym NSZZ Solidarno\u015b\u0107 w MGSZMT we Wroc\u0142awiu. Zosta\u0142 delegatem na zjazd krajowy NSZZ Solidarno\u015b\u0107 Kolejarzy. <\/p>\n","protected":false},"excerpt":{"rendered":"<p>Urodzi\u0142 si\u0119 w 1964 r. By\u0142 uczniem Technikum kolejowego we Wroc\u0142awiu w latach 1979-1984. By\u0142 harcerzem orlim wed\u0142ug wymaga\u0144 stopni przedwojennych, a nast\u0119pnie instruktorem w stopniu pwd. (przewodnik). W 1981 r. by\u0142 uczestnikiem II Jubileuszowego Zlotu na 70 Lecie Harcerstwa na krakowskich B\u0142oniach. Uczestniczy\u0142 cyklicznych harcerskich wydarzeniach pt. \u201dAkcji pod Arsena\u0142em\u201d. W stanie wojennym uczestniczy\u0142 [&hellip;]<\/p>\n","protected":false},"featured_media":5512,"template":"","meta":[],"_links":{"self":[{"href":"http:\/\/ludzie.fundacja-pih.pl\/index.php\/wp-json\/wp\/v2\/product\/5511"}],"collection":[{"href":"http:\/\/ludzie.fundacja-pih.pl\/index.php\/wp-json\/wp\/v2\/product"}],"about":[{"href":"http:\/\/ludzie.fundacja-pih.pl\/index.php\/wp-json\/wp\/v2\/types\/product"}],"wp:featuredmedia":[{"embeddable":true,"href":"http:\/\/ludzie.fundacja-pih.pl\/index.php\/wp-json\/wp\/v2\/media\/5512"}],"wp:attachment":[{"href":"http:\/\/ludzie.fundacja-pih.pl\/index.php\/wp-json\/wp\/v2\/media?parent=5511"}],"curies":[{"name":"wp","href":"https:\/\/api.w.org\/{rel}","templated":true}]}}