{"id":5513,"date":"2022-07-27T13:29:37","date_gmt":"2022-07-27T13:29:37","guid":{"rendered":"http:\/\/ludzie.fundacja-pih.pl\/?post_type=product&#038;p=5513"},"modified":"2025-05-16T14:23:54","modified_gmt":"2025-05-16T14:23:54","slug":"zadura-pawel","status":"publish","type":"product","link":"http:\/\/ludzie.fundacja-pih.pl\/index.php\/product\/zadura-pawel\/","title":{"rendered":"Zadura Pawe\u0142"},"content":{"rendered":"<p>Urodzi\u0142 si\u0119 w 1956 r. Harcerz. By\u0142 nauczycielem historii i przysposobienia obronnego w Technikum Kolejowym we Wroc\u0142awiu. Od 1981 r. by\u0142 cz\u0142onkiem NSZZ \u201eSolidarno\u015b\u0107\u201d. Po wprowadzeniu stanu wojennego rozpocz\u0105\u0142 dzia\u0142alno\u015b\u0107 podziemn\u0105. Cze\u015b\u0107 pomieszcze\u0144 w swoim domu udost\u0119pnia\u0142 na drukarni\u0119 wydawnictw II obiegu. By\u0142 instruktorem szkolnej dru\u017cyny harcerskiej. Organizowa\u0142 letnie obozy harcerskie w Krzeczkowie w ramach Harcerskiej Akcji Letniej. By\u0142 zaprzysi\u0119\u017conym cz\u0142onkiem Solidarno\u015bci Walcz\u0105cej. W ramach dzia\u0142alno\u015bci w SW by\u0142 kurierem i kolporterem wydawnictw podziemnych. Zosta\u0142 aresztowany w lipcu 1985 roku. Osadzono go w Areszcie \u015aledczym przy ul. \u015awiebodzkiej we Wroc\u0142awiu bez mo\u017cliwo\u015bci widzenia si\u0119 z rodzin\u0105 (\u017cona w 4 miesi\u0105cu ci\u0105\u017cy oraz roczne bli\u017aniaki). W zwi\u0105zku ze swoj\u0105 dzia\u0142alno\u015bci\u0105 zwolniony ze szko\u0142y w trybie natychmiastowym. S\u0105dzony w pokazowym procesie, zwolniony w ko\u0144cu listopada 1985 r.  Obecnie przewodnik turystyczny.<\/p>\n","protected":false},"excerpt":{"rendered":"<p>Urodzi\u0142 si\u0119 w 1956 r. Harcerz. By\u0142 nauczycielem historii i przysposobienia obronnego w Technikum Kolejowym we Wroc\u0142awiu. Od 1981 r. by\u0142 cz\u0142onkiem NSZZ \u201eSolidarno\u015b\u0107\u201d. Po wprowadzeniu stanu wojennego rozpocz\u0105\u0142 dzia\u0142alno\u015b\u0107 podziemn\u0105. Cze\u015b\u0107 pomieszcze\u0144 w swoim domu udost\u0119pnia\u0142 na drukarni\u0119 wydawnictw II obiegu. By\u0142 instruktorem szkolnej dru\u017cyny harcerskiej. Organizowa\u0142 letnie obozy harcerskie w Krzeczkowie w ramach [&hellip;]<\/p>\n","protected":false},"featured_media":5514,"template":"","meta":[],"_links":{"self":[{"href":"http:\/\/ludzie.fundacja-pih.pl\/index.php\/wp-json\/wp\/v2\/product\/5513"}],"collection":[{"href":"http:\/\/ludzie.fundacja-pih.pl\/index.php\/wp-json\/wp\/v2\/product"}],"about":[{"href":"http:\/\/ludzie.fundacja-pih.pl\/index.php\/wp-json\/wp\/v2\/types\/product"}],"wp:featuredmedia":[{"embeddable":true,"href":"http:\/\/ludzie.fundacja-pih.pl\/index.php\/wp-json\/wp\/v2\/media\/5514"}],"wp:attachment":[{"href":"http:\/\/ludzie.fundacja-pih.pl\/index.php\/wp-json\/wp\/v2\/media?parent=5513"}],"curies":[{"name":"wp","href":"https:\/\/api.w.org\/{rel}","templated":true}]}}