{"id":5517,"date":"2022-08-02T13:46:57","date_gmt":"2022-08-02T13:46:57","guid":{"rendered":"http:\/\/ludzie.fundacja-pih.pl\/?post_type=product&#038;p=5517"},"modified":"2025-05-16T14:23:54","modified_gmt":"2025-05-16T14:23:54","slug":"chmura-krystyna","status":"publish","type":"product","link":"http:\/\/ludzie.fundacja-pih.pl\/index.php\/product\/chmura-krystyna\/","title":{"rendered":"Chmura Krystyna"},"content":{"rendered":"<p>Urodzi\u0142a si\u0119 9 pa\u017adziernika 1944 r. w Markowej k\/\u0141a\u0144cuta.<\/p>\n<p>Rodzice &#8211; lwowiacy, ojciec &#8211; Micha\u0142, kolejarz z lwowskiego \u201eKliparowa\u201d, mama &#8211; Stanis\u0142awa, pracowa\u0142a w lwowskiej cukierni. Wiosn\u0105 1944 roku jej Rodzice musieli ucieka\u0107 ze Lwowa. Dotarli do Markowej, na Podkarpaciu. W czasie podr\u00f3\u017cy ojciec troszczy\u0142 si\u0119 o \u017con\u0119 b\u0119d\u0105c\u0105 w\u00f3wczas w ci\u0105\u017cy oraz kilkuletnich syn\u00f3w. W Markowej przysz\u0142a na \u015bwiat jako czwarte, najm\u0142odsze dziecko i jedyna c\u00f3rka.<br \/>\nCz\u0142onkiem NSZZ \u201eSolidarno\u015b\u0107\u201d zosta\u0142a w 1980 roku pracuj\u0105c w Okr\u0119gowym Szpitalu Kolejowym we Wroc\u0142awiu przy ul. Wi\u015bniowej. By\u0142a za\u0142o\u017cycielk\u0105 Ko\u0142a Solidarno\u015bci oddzia\u0142u szpitalnego, na kt\u00f3rym w\u00f3wczas pracowa\u0142a jako piel\u0119gniarka.<br \/>\nPo wprowadzenie stanu wojennego w pocz\u0105tkowej fazie jej dzia\u0142alno\u015b\u0107 zwi\u0105zkowa na terenie Szpitala Kolejowego polega\u0142a na zbieraniu \u015brodk\u00f3w pieni\u0119\u017cnych dla rodzin aresztowanych, a tak\u017ce wyrzuconych z pracy. Wsp\u00f3\u0142organizowa\u0142a tak\u017ce leki oraz preparaty witaminowe dla potrzebuj\u0105cych. Ta dzia\u0142alno\u015b\u0107 w p\u00f3\u017aniejszym okresie przybra\u0142a wi\u0119kszy zasi\u0119g w ramach duszpasterstwa kolejarzy.<br \/>\nWiele zawdzi\u0119cza \u00f3wczesnej Ordynator oddzia\u0142u &#8211; dr Marii Dyczkowskiej (bratowej bpa Adama Dyczkowskiego), kt\u00f3ra umo\u017cliwia\u0142a jej prowadzenie aktywno\u015bci zwi\u0105zkowej.<br \/>\nOd drugiej po\u0142owy 1982 roku w swoim mieszkaniu przy ul. Br\u0105zowej we Wroc\u0142awiu wraz z synem Wojciechem prowadzi\u0142a punkt kolporta\u017cu prasy i innych wydawnictw, znaczk\u00f3w, kartek okoliczno\u015bciowych wydawanych w II obiegu przez podziemn\u0105 NSZZ \u201eSolidarno\u015b\u0107\u201d, a tak\u017ce Solidarno\u015b\u0107 Walcz\u0105c\u0105. Wi\u0119kszo\u015b\u0107 materia\u0142\u00f3w odbiera\u0142a od Janiny Eulenfeld (rozpracowywanej prze wroc\u0142awsk\u0105 SB w ramach akcji pod kryptonimem \u201eKrzew\u201d).<br \/>\n     Od II po\u0142owy roku 1982 do po\u0142owy 1984 roku przewozi\u0142a materia\u0142y do druku od Solidarno\u015bci Walcz\u0105cej ze Szczecina (Izabeli G\u0119bickiej), kt\u00f3re przekazywa\u0142a najcz\u0119\u015bciej Wandzie Ko\u015b\u0107 zamieszka\u0142ej przy ul. Sztabowej we Wroc\u0142awiu. Wand\u0119 pozna\u0142a jako pacjentk\u0119 oddzia\u0142u wewn\u0119trznego \u201eC\u201d Szpitala Kolejowego. Kr\u00f3tko po ostatnim \u201ekursie\u201d z przesy\u0142k\u0105 kalendarzy i kartek \u015bwi\u0105tecznych, papieru i farby drukarskiej na prze\u0142omie listopada i grudnia 1983 roku Wanda Ko\u015b\u0107 zosta\u0142a aresztowana (grudzie\u0144 1983 roku) i z oczywistych wzgl\u0119d\u00f3w wizyty u Niej w domu usta\u0142y.<br \/>\nOd drugiej po\u0142owy 1984 roku wsp\u00f3\u0142pracowa\u0142a z Tajn\u0105 Komisj\u0105 Zak\u0142adow\u0105 Solidarno\u015bci W\u0119z\u0142a Wroc\u0142aw jako przedstawiciel \u015brodowiska Solidarno\u015bci Okr\u0119gowego Szpitala Kolejowego we Wroc\u0142awiu. Jej mieszkanie s\u0142u\u017cy\u0142o tak\u017ce za punkt kontaktowy dla dzia\u0142aczy podziemnej Solidarno\u015bci Kolejarzy W\u0119z\u0142a Wroc\u0142awskiego. Uczestniczy\u0142a r\u00f3wnie\u017c w dzia\u0142alno\u015bci wroc\u0142awskiego duszpasterstwa kolejarzy polegaj\u0105cej m.in. na pomocy finansowej osobom represjonowanym i ich rodzinom, rozprowadzaniu okoliczno\u015bciowych paczek dla dzieci kolejarzy, uczestnictwie w mszach rocznicowych Protestu G\u0142odowego 80\u2019 roku i pielgrzymkach.<br \/>\nOd pocz\u0105tku dzia\u0142alno\u015bci oraz po reaktywowaniu Solidarno\u015bci po 1989 roku spotyka\u0142a si\u0119 wraz z innymi dzia\u0142aczami w mieszkaniu Ryszarda i Celiny Wocial\u00f3w przy ul. Weso\u0142ej we Wroc\u0142awiu w ramach dzia\u0142alno\u015bci podziemnej oraz duszpasterstwa kolejarzy.<br \/>\n      W lutym 1989 roku w jej mieszkaniu powsta\u0142 Komitet Organizacyjny odradzaj\u0105cej si\u0119 Solidarno\u015bci Kolejarzy W\u0119z\u0142a Wroc\u0142aw.<br \/>\nPo 1989 roku przez kilka kadencji by\u0142a cz\u0142onkiem Komisji Zak\u0142adowej NSZZ \u201eSolidarno\u015b\u0107\u201d przy Okr\u0119gowym Szpitalu Kolejowym we Wroc\u0142awiu. Delegat Krajowej Sekcji Kolejowej S\u0142u\u017cby Zdrowia.<br \/>\nOd 1997 roku na emeryturze. Za swoj\u0105 dzia\u0142alno\u015b\u0107 odznaczona Medalem \u201eNiez\u0142omni\u201d<\/p>\n","protected":false},"excerpt":{"rendered":"<p>Urodzi\u0142a si\u0119 9 pa\u017adziernika 1944 r. w Markowej k\/\u0141a\u0144cuta. Rodzice &#8211; lwowiacy, ojciec &#8211; Micha\u0142, kolejarz z lwowskiego \u201eKliparowa\u201d, mama &#8211; Stanis\u0142awa, pracowa\u0142a w lwowskiej cukierni. Wiosn\u0105 1944 roku jej Rodzice musieli ucieka\u0107 ze Lwowa. Dotarli do Markowej, na Podkarpaciu. W czasie podr\u00f3\u017cy ojciec troszczy\u0142 si\u0119 o \u017con\u0119 b\u0119d\u0105c\u0105 w\u00f3wczas w ci\u0105\u017cy oraz kilkuletnich syn\u00f3w. [&hellip;]<\/p>\n","protected":false},"featured_media":5518,"template":"","meta":[],"_links":{"self":[{"href":"http:\/\/ludzie.fundacja-pih.pl\/index.php\/wp-json\/wp\/v2\/product\/5517"}],"collection":[{"href":"http:\/\/ludzie.fundacja-pih.pl\/index.php\/wp-json\/wp\/v2\/product"}],"about":[{"href":"http:\/\/ludzie.fundacja-pih.pl\/index.php\/wp-json\/wp\/v2\/types\/product"}],"wp:featuredmedia":[{"embeddable":true,"href":"http:\/\/ludzie.fundacja-pih.pl\/index.php\/wp-json\/wp\/v2\/media\/5518"}],"wp:attachment":[{"href":"http:\/\/ludzie.fundacja-pih.pl\/index.php\/wp-json\/wp\/v2\/media?parent=5517"}],"curies":[{"name":"wp","href":"https:\/\/api.w.org\/{rel}","templated":true}]}}