{"id":5525,"date":"2022-08-02T13:55:49","date_gmt":"2022-08-02T13:55:49","guid":{"rendered":"http:\/\/ludzie.fundacja-pih.pl\/?post_type=product&#038;p=5525"},"modified":"2025-05-16T14:23:56","modified_gmt":"2025-05-16T14:23:56","slug":"witek-ewa","status":"publish","type":"product","link":"http:\/\/ludzie.fundacja-pih.pl\/index.php\/product\/witek-ewa\/","title":{"rendered":"Witek Ewa"},"content":{"rendered":"<p>Urodzi\u0142a si\u0119 w 1936 r. w Tarnobrzegu.<\/p>\n<p>Prac\u0119 w Technikum Kolejowym we Wroc\u0142awiu przy ul. Dawida 9\/11 rozpocz\u0119\u0142a we wrze\u015bniu 1972 roku jako bibliotekarz-nauczyciel. Kiedy pracownicy szko\u0142y w ko\u0144cu 1980 roku utworzyli komisj\u0119 zak\u0142adow\u0105 NSZZ \u201eSolidarno\u015b\u0107\u201d, w wyniku przeprowadzonych wybor\u00f3w zosta\u0142a jej przewodnicz\u0105c\u0105. Po wprowadzeniu stanu wojennego 13 grudnia 1981 roku, nie przerwa\u0142a dzia\u0142alno\u015bci zwi\u0105zkowej, zmieni\u0142a tylko jej form\u0119 na prac\u0119 podziemn\u0105 polegaj\u0105c\u0105 na zbieraniu sk\u0142adek zwi\u0105zkowych oraz innych \u015brodk\u00f3w pieni\u0119\u017cnych na rzecz os\u00f3b aresztowanych i ich rodzin. Zajmowa\u0142a si\u0119 tak\u017ce rozprowadzaniem podziemnej prasy, ksi\u0105\u017cek oraz innych okoliczno\u015bciowych wydawnictw. Pracuj\u0105c w szkolnej bibliotece przekazywa\u0142a zebrane \u015brodki na cele wy\u017cej wymienione, jak r\u00f3wnie\u017c na regulowanie nale\u017cno\u015bci za wydawnictwa, kt\u00f3re dociera\u0142y do szko\u0142y. Wszystkie te materia\u0142y odbierane by\u0142y od Ewy Witek przez nauczycieli takich jak: Zofia \u017byma\u0144czyk, Stanis\u0142awa Trembowska, ma\u0142\u017ce\u0144stwo Gra\u017cyn\u0119 i Zbigniewa Dziubi\u0144skich, Paw\u0142a Zadur\u0119 oraz niekt\u00f3rych uczni\u00f3w: Jaros\u0142awa Tomkiewicza, Rados\u0142awa Buczka, a tak\u017ce Wojciecha Chmur\u0119. W dniu 28 sierpnia 1986 roku o godz. 6 rano przyszli do jej mieszkania funkcjonariusze S\u0142u\u017cby Bezpiecze\u0144stwa. Po przeprowadzeniu rewizji zosta\u0142a zabrana na komisariat przy ul. Jaworowej we Wroc\u0142awiu. Nast\u0119pnego dnia przewieziono j\u0105 na ul. Podwale do dyspozycji prokuratora. Po wydaniu decyzji o tymczasowym aresztowaniu sp\u0119dzi\u0142a kilka dni w areszcie przy Pl. Muzealnym. W dniu 4 wrze\u015bnia 1986 roku zosta\u0142a przewieziona do wi\u0119zienia przy ul. Kleczkowskiej, sk\u0105d zwolniono j\u0105 na mocy amnestii w dniu 10 wrze\u015bnia 1986 roku.<br \/>\nKontynuowa\u0142a podziemn\u0105 dzia\u0142alno\u015b\u0107 zwi\u0105zkow\u0105 a\u017c do 1989 roku. Obecnie przebywa na emeryturze.<\/p>\n","protected":false},"excerpt":{"rendered":"<p>Urodzi\u0142a si\u0119 w 1936 r. w Tarnobrzegu. Prac\u0119 w Technikum Kolejowym we Wroc\u0142awiu przy ul. Dawida 9\/11 rozpocz\u0119\u0142a we wrze\u015bniu 1972 roku jako bibliotekarz-nauczyciel. Kiedy pracownicy szko\u0142y w ko\u0144cu 1980 roku utworzyli komisj\u0119 zak\u0142adow\u0105 NSZZ \u201eSolidarno\u015b\u0107\u201d, w wyniku przeprowadzonych wybor\u00f3w zosta\u0142a jej przewodnicz\u0105c\u0105. Po wprowadzeniu stanu wojennego 13 grudnia 1981 roku, nie przerwa\u0142a dzia\u0142alno\u015bci zwi\u0105zkowej, [&hellip;]<\/p>\n","protected":false},"featured_media":5526,"template":"","meta":[],"_links":{"self":[{"href":"http:\/\/ludzie.fundacja-pih.pl\/index.php\/wp-json\/wp\/v2\/product\/5525"}],"collection":[{"href":"http:\/\/ludzie.fundacja-pih.pl\/index.php\/wp-json\/wp\/v2\/product"}],"about":[{"href":"http:\/\/ludzie.fundacja-pih.pl\/index.php\/wp-json\/wp\/v2\/types\/product"}],"wp:featuredmedia":[{"embeddable":true,"href":"http:\/\/ludzie.fundacja-pih.pl\/index.php\/wp-json\/wp\/v2\/media\/5526"}],"wp:attachment":[{"href":"http:\/\/ludzie.fundacja-pih.pl\/index.php\/wp-json\/wp\/v2\/media?parent=5525"}],"curies":[{"name":"wp","href":"https:\/\/api.w.org\/{rel}","templated":true}]}}