{"id":5532,"date":"2022-08-03T11:24:00","date_gmt":"2022-08-03T11:24:00","guid":{"rendered":"http:\/\/ludzie.fundacja-pih.pl\/?post_type=product&#038;p=5532"},"modified":"2025-05-16T14:23:59","modified_gmt":"2025-05-16T14:23:59","slug":"chorasiuk-marek","status":"publish","type":"product","link":"http:\/\/ludzie.fundacja-pih.pl\/index.php\/product\/chorasiuk-marek\/","title":{"rendered":"Chorasiuk Marek"},"content":{"rendered":"<p>Urodzi\u0142 si\u0119 17 listopada 1960 r. w Warszawie<\/p>\n<p>W 1988 r. jeden z dzia\u0142aczy \u201eArmenii\u201d wci\u0105gn\u0105\u0142 Marka Chorasiuka do Solidarno\u015bci Walcz\u0105cej. W swojej dzia\u0142alno\u015bci zajmowa\u0142 si\u0119 przede wszystkim kolporta\u017cem prasy SW z Warszawy \u201eHoryzont\u201d. <\/p>\n","protected":false},"excerpt":{"rendered":"<p>Urodzi\u0142 si\u0119 17 listopada 1960 r. w Warszawie W 1988 r. jeden z dzia\u0142aczy \u201eArmenii\u201d wci\u0105gn\u0105\u0142 Marka Chorasiuka do Solidarno\u015bci Walcz\u0105cej. W swojej dzia\u0142alno\u015bci zajmowa\u0142 si\u0119 przede wszystkim kolporta\u017cem prasy SW z Warszawy \u201eHoryzont\u201d.<\/p>\n","protected":false},"featured_media":0,"template":"","meta":[],"_links":{"self":[{"href":"http:\/\/ludzie.fundacja-pih.pl\/index.php\/wp-json\/wp\/v2\/product\/5532"}],"collection":[{"href":"http:\/\/ludzie.fundacja-pih.pl\/index.php\/wp-json\/wp\/v2\/product"}],"about":[{"href":"http:\/\/ludzie.fundacja-pih.pl\/index.php\/wp-json\/wp\/v2\/types\/product"}],"wp:attachment":[{"href":"http:\/\/ludzie.fundacja-pih.pl\/index.php\/wp-json\/wp\/v2\/media?parent=5532"}],"curies":[{"name":"wp","href":"https:\/\/api.w.org\/{rel}","templated":true}]}}