{"id":5540,"date":"2022-10-14T12:39:09","date_gmt":"2022-10-14T12:39:09","guid":{"rendered":"http:\/\/ludzie.fundacja-pih.pl\/?post_type=product&#038;p=5540"},"modified":"2025-05-16T14:25:37","modified_gmt":"2025-05-16T14:25:37","slug":"dluzewska-maria-krystyna","status":"publish","type":"product","link":"http:\/\/ludzie.fundacja-pih.pl\/index.php\/product\/dluzewska-maria-krystyna\/","title":{"rendered":"D\u0142u\u017cewska Maria Krystyna"},"content":{"rendered":"<p>Urodzi\u0142a si\u0119 26 listopada 1951 r. w Kielcach. Jest absolwentk\u0105 Pa\u0144stwowej Wy\u017cszej Szko\u0142y Teatralnej w Warszawie, kt\u00f3r\u0105 uko\u0144czy\u0142a w 1972 r.  W latach 1972-1976 pracowa\u0142a jako aktorka w Ba\u0142tyckim Teatrze Dramatycznym w Koszalinie. Od 1977 by\u0142a w Teatrze Polskim w Szczecinie, a w okresie 1977-1978 w Teatrze Dramatycznym w Gdyni. A od 1978 do 1982 r. pracowa\u0142 w Teatrze Popularnym w Warszawie.<br \/>\nOd wrze\u015bnia 1980 by\u0142a dzia\u0142aczk\u0105 NSZZ \u201eSolidarno\u015b\u0107\u201d. W latach 1982-1991 by\u0142a bez sta\u0142ego zatrudnienia. W zwi\u0105zku z tym, zaanga\u017cowa\u0142a si\u0119 w dzia\u0142alno\u015b\u0107 patriotyczn\u0105. W latach 1982-1985 wsp\u00f3\u0142organizowa\u0142a msz\u0119 za Ojczyzn\u0119 w ko\u015bciele pod wezwaniem \u015bw. J\u00f3zefa Robotnika w Ursusie. Od 1983 do 1985 r. organizowa\u0142a Teatry Poniedzia\u0142kowe w tym przedsi\u0119biorstwie. By\u0142a wykonawczyni\u0105 i uczestniczk\u0105 Tygodni Kultury Chrze\u015bcija\u0144skiej, kt\u00f3re by\u0142y organizowane w wielu parafiach na terenie Polski. Od 1984 r. by\u0142a aktork\u0105 w Teatrze Domowym. W tym okresie by\u0142a wykonawczyni\u0105 monodramy \u201ePrz\u0105dka\u201d, kt\u00f3ra swoj\u0105 premier\u0119 mia\u0142a w 1985, a w 1987 spektakle by\u0142y grane w Polsce i za granic\u0105 w instytucjach polonijnych. 20 listopada 1984 r. podczas przedstawienia we Wroc\u0142awiu zosta\u0142a zatrzymana. W trakcie przes\u0142uchania bezskutecznie proponowano jej wsp\u00f3\u0142prac\u0119 ze S\u0142u\u017cb\u0105 Bezpiecze\u0144stwa. Od 1984 do 1989 kolportowa\u0142a podziemnej wydawnictwa, jak m.in. \u201ePWA, Przegl\u0105d Wiadomo\u015bci Agencyjnych\u201d. W latach 1984-1987 pracowa\u0142a jako redaktor i autorka tekst\u00f3w w tzw. Programie II Radia \u201eSolidarno\u015b\u0107\u201d w Warszawie. W latach 1984-1988 by\u0142a zaprzysi\u0119\u017conym cz\u0142onkiem Solidarno\u015bci Walcz\u0105cej. Kolportowa\u0142a podziemne wydawnictwa i wsp\u00f3\u0142pracowa\u0142a z sieciami Kolporterskimi. By\u0142a r\u00f3wnie\u017c wsp\u00f3\u0142pracowniczk\u0105 Radia SW.<br \/>\nOd 1991 by\u0142a dziennikark\u0105 w tygodniku \u201eSpotkania\u201d.  W latach 1991\u20131993 pracowa\u0142a w \u201eTygodniku Solidarno\u015b\u0107\u201d. Od 1993 bez sta\u0142ego zatrudnienia. Jest aktork\u0105, re\u017cyserem i scenarzystk\u0105 ok. 40 wielokrotnie nagradzanych film\u00f3w dokumentalnych, g\u0142. o tematyce historycznej. Jest ponadto realizatork\u0105 wielu przedsi\u0119wzi\u0119\u0107 kulturalnych. Po 10 kwietnia 2010 r. zrealizowa\u0142a cykl film\u00f3w zwi\u0105zanych z katastrof\u0105 w Smole\u0144sku: Mg\u0142a (2010), Pogarda (z Joann\u0105 Lichock\u0105, 2011), Testament, C\u00f3rka (2012), Polacy (2013). Autorka ksi\u0105\u017cek: Mg\u0142a ( z Joann\u0105Lichock\u0105, 2011), Trzy dni zdj\u0119ciowe z Iren\u0105 Anders i Albinem Ossowskim (2012), Polacy (2013).<br \/>\nOdznaczona Krzy\u017cem Oficerskim Orderu Odrodzenia Polski (2008), Krzy\u017cem Wolno\u015bci i Solidarno\u015bci (2017), wyr\u00f3\u017cniona odznak\u0105 Zas\u0142u\u017cony Dzia\u0142acz Kultury (1999).<\/p>\n","protected":false},"excerpt":{"rendered":"<p>Urodzi\u0142a si\u0119 26 listopada 1951 r. w Kielcach. Jest absolwentk\u0105 Pa\u0144stwowej Wy\u017cszej Szko\u0142y Teatralnej w Warszawie, kt\u00f3r\u0105 uko\u0144czy\u0142a w 1972 r. W latach 1972-1976 pracowa\u0142a jako aktorka w Ba\u0142tyckim Teatrze Dramatycznym w Koszalinie. Od 1977 by\u0142a w Teatrze Polskim w Szczecinie, a w okresie 1977-1978 w Teatrze Dramatycznym w Gdyni. A od 1978 do 1982 [&hellip;]<\/p>\n","protected":false},"featured_media":906,"template":"","meta":[],"_links":{"self":[{"href":"http:\/\/ludzie.fundacja-pih.pl\/index.php\/wp-json\/wp\/v2\/product\/5540"}],"collection":[{"href":"http:\/\/ludzie.fundacja-pih.pl\/index.php\/wp-json\/wp\/v2\/product"}],"about":[{"href":"http:\/\/ludzie.fundacja-pih.pl\/index.php\/wp-json\/wp\/v2\/types\/product"}],"wp:featuredmedia":[{"embeddable":true,"href":"http:\/\/ludzie.fundacja-pih.pl\/index.php\/wp-json\/wp\/v2\/media\/906"}],"wp:attachment":[{"href":"http:\/\/ludzie.fundacja-pih.pl\/index.php\/wp-json\/wp\/v2\/media?parent=5540"}],"curies":[{"name":"wp","href":"https:\/\/api.w.org\/{rel}","templated":true}]}}