{"id":840,"date":"2020-12-14T11:27:56","date_gmt":"2020-12-14T11:27:56","guid":{"rendered":"http:\/\/ludzie.fundacja-pih.pl\/?post_type=product&#038;p=840"},"modified":"2025-05-16T14:10:27","modified_gmt":"2025-05-16T14:10:27","slug":"pietrzak-waldemar","status":"publish","type":"product","link":"http:\/\/ludzie.fundacja-pih.pl\/index.php\/product\/pietrzak-waldemar\/","title":{"rendered":"Pietrzak Waldemar"},"content":{"rendered":"<p>Urodzi\u0142 si\u0119 11 maja 1933 roku w Ko\u015bcianie, zm. 13 kwietnia 2004 roku w Szczodrochowie.<\/p>\n<p>Uko\u0144czy\u0142 Technikum Budowlane w Poznaniu. W latach 1956 &#8211; 1977 oraz  1978 &#8211; 1993 by\u0142 kolejno starszym technikiem, kierownikiem budowy, specjalist\u0105 ds. kosztorys\u00f3w w Przedsi\u0119biorstwie Rob\u00f3t Kolejowych nr 10 w Poznaniu. W latach 1977 \u2013 1978 pe\u0142ni\u0142 funkcj\u0119 kierownika budowy w Sp\u00f3\u0142dzielni Mieszkaniowej Grunwald. Od 1962 nale\u017ca\u0142 do Stowarzyszenia In\u017cynier\u00f3w i Technik\u00f3w Komunikacji. We wrze\u015bniu 1980 roku wst\u0105pi\u0142 do NSZZ \u201eSolidarno\u015b\u0107\u201d, zosta\u0142 przewodnicz\u0105cym Komitetu Za\u0142o\u017cycielskiego, a nast\u0119pnie wiceprzewodnicz\u0105cym KZ w PRK nr 10. W latach 1982 &#8211; 1988 organizowa\u0142 i przewodniczy\u0142 TKZ \u201eS\u201d w PRK oraz nale\u017ca\u0142 do krajowej bran\u017cowej Tymczasowej Komisji Wykonawczej PBK\/PRK. Prowadzi\u0142 te\u017c jeden z najwi\u0119kszych w Poznaniu punkt\u00f3w kolporta\u017cu wydawnictw podziemnych. By\u0142 autorem artyku\u0142\u00f3w pisanych do pism podziemnych. By\u0142 wsp\u00f3\u0142za\u0142o\u017cycielem, wsp\u00f3\u0142wydawc\u0105 i wsp\u00f3\u0142redaktorem miesi\u0119cznika \u201eSolidarno\u015b\u0107 Podziemna PBK\/PRK\u201d. W latach 1983 &#8211; 1987 pe\u0142ni\u0142 funkcj\u0119 kuriera tajnego TZR Wielkopolska i \u0142\u0105cznika z TKK w Gda\u0144sku. Dzia\u0142a\u0142 w Duszpasterstwie Ludzi Pracy, m.in. w Poznaniu przy ko\u015bciele Matki Boskiej Bolesnej. By\u0142 wsp\u00f3\u0142inicjatorem i wsp\u00f3\u0142organizatorem Duszpasterstwa Kolejarzy Poznania przy ko\u015bciele Naj\u015bwi\u0119tszego Zbawiciela oraz og\u00f3lnopolskich pielgrzymek kolejarzy na Jasn\u0105 G\u00f3r\u0119 (w dniu \u015bw. Katarzyny). Od 1986 roku organizowa\u0142 coroczne pielgrzymki pracownik\u00f3w budownictwa kolejowego do grobu ks. Jerzego Popie\u0142uszki. W 1988 roku by\u0142 wsp\u00f3\u0142inicjatorem reaktywowania \u201eS\u201d. W listopadzie 1988 roku za\u0142o\u017cy\u0142 Komitet Organizacyjny \u201eS\u201d w ZBK. Kolportowa\u0142 pras\u0119 niezale\u017cn\u0105 m.in. \u201eSolidarno\u015b\u0107 Walcz\u0105c\u0105\u201d. W 2000 roku Waldemar Pietrzak zosta\u0142 uhonorowany odznak\u0105 Zas\u0142u\u017cony dla Transportu RP, a w 2001 roku odznak\u0105 Zas\u0142u\u017cony Dzia\u0142acz Kultury.<\/p>\n","protected":false},"excerpt":{"rendered":"<p>Urodzi\u0142 si\u0119 11 maja 1933 roku w Ko\u015bcianie, zm. 13 kwietnia 2004 roku w Szczodrochowie. Uko\u0144czy\u0142 Technikum Budowlane w Poznaniu. W latach 1956 &#8211; 1977 oraz 1978 &#8211; 1993 by\u0142 kolejno starszym technikiem, kierownikiem budowy, specjalist\u0105 ds. kosztorys\u00f3w w Przedsi\u0119biorstwie Rob\u00f3t Kolejowych nr 10 w Poznaniu. W latach 1977 \u2013 1978 pe\u0142ni\u0142 funkcj\u0119 kierownika budowy [&hellip;]<\/p>\n","protected":false},"featured_media":841,"template":"","meta":[],"_links":{"self":[{"href":"http:\/\/ludzie.fundacja-pih.pl\/index.php\/wp-json\/wp\/v2\/product\/840"}],"collection":[{"href":"http:\/\/ludzie.fundacja-pih.pl\/index.php\/wp-json\/wp\/v2\/product"}],"about":[{"href":"http:\/\/ludzie.fundacja-pih.pl\/index.php\/wp-json\/wp\/v2\/types\/product"}],"wp:featuredmedia":[{"embeddable":true,"href":"http:\/\/ludzie.fundacja-pih.pl\/index.php\/wp-json\/wp\/v2\/media\/841"}],"wp:attachment":[{"href":"http:\/\/ludzie.fundacja-pih.pl\/index.php\/wp-json\/wp\/v2\/media?parent=840"}],"curies":[{"name":"wp","href":"https:\/\/api.w.org\/{rel}","templated":true}]}}