{"id":849,"date":"2020-12-14T11:34:55","date_gmt":"2020-12-14T11:34:55","guid":{"rendered":"http:\/\/ludzie.fundacja-pih.pl\/?post_type=product&#038;p=849"},"modified":"2025-05-16T14:10:28","modified_gmt":"2025-05-16T14:10:28","slug":"waliszewska-ewa","status":"publish","type":"product","link":"http:\/\/ludzie.fundacja-pih.pl\/index.php\/product\/waliszewska-ewa\/","title":{"rendered":"Waliszewska Ewa"},"content":{"rendered":"<p>Urodzi\u0142a si\u0119 30 listopada 1953 roku w Poznaniu.<\/p>\n<p>Romanistka. Po wprowadzeniu stanu wojennego i internowaniu m\u0119\u017ca, uczestniczy\u0142a przy pozna\u0144skim ko\u015bciele oo. Dominikan\u00f3w. By\u0142a \u0142\u0105czniczk\u0105 dzia\u0142aj\u0105c\u0105 na p\u0142aszczy\u017anie pomocy z Francji dla Polak\u00f3w. T\u0142umaczy\u0142a z j\u0119zyka francuskiego i na francuski, umo\u017cliwia\u0142a kontakty \u015brodowiska opozycyjnego w Polsce z przedstawicielami z Francji. Kolportowa\u0142a wydawnictwa podziemne. Przez kilka lat wraz z m\u0119\u017cem wsp\u00f3\u0142pracowa\u0142a z \u201eSolidarno\u015bci\u0105 Walcz\u0105c\u0105\u201d, w tym m.in. w emisjach Radia Solidarno\u015b\u0107. W 2005 roku zosta\u0142a uhonorowana Orderem Gronostaja (Ordre de l\u2019Hermine) za zas\u0142ugi w promocji kultury breto\u0144skiej.<\/p>\n","protected":false},"excerpt":{"rendered":"<p>Urodzi\u0142a si\u0119 30 listopada 1953 roku w Poznaniu. Romanistka. Po wprowadzeniu stanu wojennego i internowaniu m\u0119\u017ca, uczestniczy\u0142a przy pozna\u0144skim ko\u015bciele oo. Dominikan\u00f3w. By\u0142a \u0142\u0105czniczk\u0105 dzia\u0142aj\u0105c\u0105 na p\u0142aszczy\u017anie pomocy z Francji dla Polak\u00f3w. T\u0142umaczy\u0142a z j\u0119zyka francuskiego i na francuski, umo\u017cliwia\u0142a kontakty \u015brodowiska opozycyjnego w Polsce z przedstawicielami z Francji. Kolportowa\u0142a wydawnictwa podziemne. Przez kilka lat [&hellip;]<\/p>\n","protected":false},"featured_media":906,"template":"","meta":[],"_links":{"self":[{"href":"http:\/\/ludzie.fundacja-pih.pl\/index.php\/wp-json\/wp\/v2\/product\/849"}],"collection":[{"href":"http:\/\/ludzie.fundacja-pih.pl\/index.php\/wp-json\/wp\/v2\/product"}],"about":[{"href":"http:\/\/ludzie.fundacja-pih.pl\/index.php\/wp-json\/wp\/v2\/types\/product"}],"wp:featuredmedia":[{"embeddable":true,"href":"http:\/\/ludzie.fundacja-pih.pl\/index.php\/wp-json\/wp\/v2\/media\/906"}],"wp:attachment":[{"href":"http:\/\/ludzie.fundacja-pih.pl\/index.php\/wp-json\/wp\/v2\/media?parent=849"}],"curies":[{"name":"wp","href":"https:\/\/api.w.org\/{rel}","templated":true}]}}