{"id":858,"date":"2020-12-14T11:45:50","date_gmt":"2020-12-14T11:45:50","guid":{"rendered":"http:\/\/ludzie.fundacja-pih.pl\/?post_type=product&#038;p=858"},"modified":"2025-05-16T14:10:31","modified_gmt":"2025-05-16T14:10:31","slug":"andrzejewski-faustyn","status":"publish","type":"product","link":"http:\/\/ludzie.fundacja-pih.pl\/index.php\/product\/andrzejewski-faustyn\/","title":{"rendered":"Andrzejewski Faustyn"},"content":{"rendered":"<p>Urodzi\u0142 si\u0119 26 grudnia 1957 w Poznaniu.<\/p>\n<p>Do struktur pozna\u0144skiego oddzia\u0142u \u201eSolidarno\u015bci Walcz\u0105cej\u201d, do\u0142\u0105czy\u0142 w 1983 roku dzi\u0119ki znajomo\u015bci z Szymonem Jab\u0142o\u0144skim. By\u0142 zaprzysi\u0119\u017conym cz\u0142onkiem tej organizacji. Sk\u0142ada\u0142 przysi\u0119g\u0119 w obecno\u015bci Macieja Frankiewicza i Szymona Jab\u0142o\u0144skiego. W pocz\u0105tkowym okresie swej aktywno\u015bci zajmowa\u0142 si\u0119 drukiem czasopism podziemnych, w tym m.in. dwutygodnika \u201eSolidarno\u015b\u0107 Walcz\u0105ca\u201d, okazjonalnie malowa\u0142 te\u017c antyre\u017cimowe napisy na murach. Organizowa\u0142 dzia\u0142alno\u015b\u0107 podziemnego radia \u201eSolidarno\u015b\u0107 Walcz\u0105ca\u201d w Poznaniu. Po aresztowaniu \u2013 nale\u017c\u0105cego do SW &#8211; brata Dariusza Andrzejewskiego, wyjecha\u0142 wraz z kilkoma kolegami do Republiki Federalnej Niemiec, gdzie zaanga\u017cowa\u0142 si\u0119 w \u017cycie polityczne polskiej emigracji. W 1988 roku, po wyje\u017adzie Szymona Jab\u0142o\u0144skiego z Niemiec do Kanady, przej\u0105\u0142 jego obowi\u0105zki przedstawiciela pozna\u0144skiego oddzia\u0142u SW w RFN.<\/p>\n","protected":false},"excerpt":{"rendered":"<p>Urodzi\u0142 si\u0119 26 grudnia 1957 w Poznaniu. Do struktur pozna\u0144skiego oddzia\u0142u \u201eSolidarno\u015bci Walcz\u0105cej\u201d, do\u0142\u0105czy\u0142 w 1983 roku dzi\u0119ki znajomo\u015bci z Szymonem Jab\u0142o\u0144skim. By\u0142 zaprzysi\u0119\u017conym cz\u0142onkiem tej organizacji. Sk\u0142ada\u0142 przysi\u0119g\u0119 w obecno\u015bci Macieja Frankiewicza i Szymona Jab\u0142o\u0144skiego. W pocz\u0105tkowym okresie swej aktywno\u015bci zajmowa\u0142 si\u0119 drukiem czasopism podziemnych, w tym m.in. dwutygodnika \u201eSolidarno\u015b\u0107 Walcz\u0105ca\u201d, okazjonalnie malowa\u0142 te\u017c [&hellip;]<\/p>\n","protected":false},"featured_media":859,"template":"","meta":[],"_links":{"self":[{"href":"http:\/\/ludzie.fundacja-pih.pl\/index.php\/wp-json\/wp\/v2\/product\/858"}],"collection":[{"href":"http:\/\/ludzie.fundacja-pih.pl\/index.php\/wp-json\/wp\/v2\/product"}],"about":[{"href":"http:\/\/ludzie.fundacja-pih.pl\/index.php\/wp-json\/wp\/v2\/types\/product"}],"wp:featuredmedia":[{"embeddable":true,"href":"http:\/\/ludzie.fundacja-pih.pl\/index.php\/wp-json\/wp\/v2\/media\/859"}],"wp:attachment":[{"href":"http:\/\/ludzie.fundacja-pih.pl\/index.php\/wp-json\/wp\/v2\/media?parent=858"}],"curies":[{"name":"wp","href":"https:\/\/api.w.org\/{rel}","templated":true}]}}