{"id":896,"date":"2020-12-14T12:20:34","date_gmt":"2020-12-14T12:20:34","guid":{"rendered":"http:\/\/ludzie.fundacja-pih.pl\/?post_type=product&#038;p=896"},"modified":"2025-05-16T14:10:36","modified_gmt":"2025-05-16T14:10:36","slug":"pohl-edward","status":"publish","type":"product","link":"http:\/\/ludzie.fundacja-pih.pl\/index.php\/product\/pohl-edward\/","title":{"rendered":"Pohl Edward"},"content":{"rendered":"<p>We wrze\u015bniu 1980 roku wst\u0105pi\u0142 do NSZZ \u201eSolidarno\u015b\u0107\u201d w ZNTK. W maju 1988 roku pozna\u0142 Macieja Frankiewicza z pozna\u0144skiego oddzia\u0142u \u201eSolidarno\u015bci Walcz\u0105cej\u201d i rozpocz\u0105\u0142 z nim wsp\u00f3\u0142prac\u0119. Edward Pohl dostarcza\u0142 Maciejowi Frankiewiczowi m.in. drzewce i materia\u0142y na flagi, farb\u0119, skarbony z pleksiglasu na zbi\u00f3rk\u0119 pieni\u0119dzy i inne przedmioty przeznaczone do dzia\u0142alno\u015bci konspiracyjnej. Wsp\u00f3\u0142pracowa\u0142 z Krzysztofem Cnotalskim w organizacji papieru. W jego domu dzia\u0142a\u0142a jedna z drukarni pozna\u0144skiej SW.<\/p>\n","protected":false},"excerpt":{"rendered":"<p>We wrze\u015bniu 1980 roku wst\u0105pi\u0142 do NSZZ \u201eSolidarno\u015b\u0107\u201d w ZNTK. W maju 1988 roku pozna\u0142 Macieja Frankiewicza z pozna\u0144skiego oddzia\u0142u \u201eSolidarno\u015bci Walcz\u0105cej\u201d i rozpocz\u0105\u0142 z nim wsp\u00f3\u0142prac\u0119. Edward Pohl dostarcza\u0142 Maciejowi Frankiewiczowi m.in. drzewce i materia\u0142y na flagi, farb\u0119, skarbony z pleksiglasu na zbi\u00f3rk\u0119 pieni\u0119dzy i inne przedmioty przeznaczone do dzia\u0142alno\u015bci konspiracyjnej. Wsp\u00f3\u0142pracowa\u0142 z Krzysztofem [&hellip;]<\/p>\n","protected":false},"featured_media":898,"template":"","meta":[],"_links":{"self":[{"href":"http:\/\/ludzie.fundacja-pih.pl\/index.php\/wp-json\/wp\/v2\/product\/896"}],"collection":[{"href":"http:\/\/ludzie.fundacja-pih.pl\/index.php\/wp-json\/wp\/v2\/product"}],"about":[{"href":"http:\/\/ludzie.fundacja-pih.pl\/index.php\/wp-json\/wp\/v2\/types\/product"}],"wp:featuredmedia":[{"embeddable":true,"href":"http:\/\/ludzie.fundacja-pih.pl\/index.php\/wp-json\/wp\/v2\/media\/898"}],"wp:attachment":[{"href":"http:\/\/ludzie.fundacja-pih.pl\/index.php\/wp-json\/wp\/v2\/media?parent=896"}],"curies":[{"name":"wp","href":"https:\/\/api.w.org\/{rel}","templated":true}]}}