{"id":899,"date":"2020-12-14T12:22:47","date_gmt":"2020-12-14T12:22:47","guid":{"rendered":"http:\/\/ludzie.fundacja-pih.pl\/?post_type=product&#038;p=899"},"modified":"2025-05-16T14:10:36","modified_gmt":"2025-05-16T14:10:36","slug":"szatkowski-adam","status":"publish","type":"product","link":"http:\/\/ludzie.fundacja-pih.pl\/index.php\/product\/szatkowski-adam\/","title":{"rendered":"Szatkowski Adam"},"content":{"rendered":"<p>Urodzi\u0142 si\u0119 w 1959 roku w Poznaniu.<\/p>\n<p>Cz\u0142onek pozna\u0144skiego oddzia\u0142u \u201eSolidarno\u015bci Walcz\u0105cej\u201d. W swoim mieszkaniu wytwarza\u0142 klisze do sitodruku. Jeden z dw\u00f3ch pokoi tego mieszkania zosta\u0142 wy\u0142\u0105czony z u\u017cytkowania by s\u0142u\u017cy\u0107 jako ciemnia fotograficzna. Przez kilka lat wykonywa\u0142 klisze dwutygodnika \u201eSolidarno\u015b\u0107 Walcz\u0105ca\u201d, \u201eCzasu\u201d, \u201eCzasu Kultury\u201d, kalendarzy, znaczk\u00f3w poczty podziemnej i ksi\u0105\u017cek bezdebitowych.<\/p>\n","protected":false},"excerpt":{"rendered":"<p>Urodzi\u0142 si\u0119 w 1959 roku w Poznaniu. Cz\u0142onek pozna\u0144skiego oddzia\u0142u \u201eSolidarno\u015bci Walcz\u0105cej\u201d. W swoim mieszkaniu wytwarza\u0142 klisze do sitodruku. Jeden z dw\u00f3ch pokoi tego mieszkania zosta\u0142 wy\u0142\u0105czony z u\u017cytkowania by s\u0142u\u017cy\u0107 jako ciemnia fotograficzna. Przez kilka lat wykonywa\u0142 klisze dwutygodnika \u201eSolidarno\u015b\u0107 Walcz\u0105ca\u201d, \u201eCzasu\u201d, \u201eCzasu Kultury\u201d, kalendarzy, znaczk\u00f3w poczty podziemnej i ksi\u0105\u017cek bezdebitowych.<\/p>\n","protected":false},"featured_media":900,"template":"","meta":[],"_links":{"self":[{"href":"http:\/\/ludzie.fundacja-pih.pl\/index.php\/wp-json\/wp\/v2\/product\/899"}],"collection":[{"href":"http:\/\/ludzie.fundacja-pih.pl\/index.php\/wp-json\/wp\/v2\/product"}],"about":[{"href":"http:\/\/ludzie.fundacja-pih.pl\/index.php\/wp-json\/wp\/v2\/types\/product"}],"wp:featuredmedia":[{"embeddable":true,"href":"http:\/\/ludzie.fundacja-pih.pl\/index.php\/wp-json\/wp\/v2\/media\/900"}],"wp:attachment":[{"href":"http:\/\/ludzie.fundacja-pih.pl\/index.php\/wp-json\/wp\/v2\/media?parent=899"}],"curies":[{"name":"wp","href":"https:\/\/api.w.org\/{rel}","templated":true}]}}