{"id":972,"date":"2020-12-17T10:30:08","date_gmt":"2020-12-17T10:30:08","guid":{"rendered":"http:\/\/ludzie.fundacja-pih.pl\/?post_type=product&#038;p=972"},"modified":"2025-05-16T14:10:38","modified_gmt":"2025-05-16T14:10:38","slug":"waliszewski-marek","status":"publish","type":"product","link":"http:\/\/ludzie.fundacja-pih.pl\/index.php\/product\/waliszewski-marek\/","title":{"rendered":"Waliszewski Marek Pawe\u0142"},"content":{"rendered":"<p>Urodzi\u0142 si\u0119 22 kwietnia 1949 roku w W\u0105growcu.<\/p>\n<p>W latach 1984 \u2013 1989 nale\u017ca\u0142 do pozna\u0144skiego oddzia\u0142u \u201eSolidarno\u015bci Walcz\u0105cej\u201d. W ramach tej dzia\u0142alno\u015bci zajmowa\u0142 si\u0119 g\u0142\u00f3wnie drukiem i kolporta\u017cem wydawnictw podziemnych oraz by\u0142 \u0142\u0105cznikiem mi\u0119dzy oddzia\u0142em \u201eSolidarno\u015bci Walcz\u0105cej\u201d a central\u0105 SW znajduj\u0105c\u0105 si\u0119 we Wroc\u0142awiu. Jego mieszkanie by\u0142o wielokrotnie wykorzystywane jako tzw. skrzynka kontaktowa, punkt kolporta\u017cu konspiracyjnych wydawnictw, a tak\u017ce miejsce ukrywania przed aresztowaniem os\u00f3b poszukiwanych za dzia\u0142alno\u015b\u0107 polityczn\u0105 i opozycyjn\u0105. Bra\u0142 czynny udzia\u0142 w antyre\u017cimowych manifestacjach w Poznaniu. Do 1990 roku by\u0142 rozpracowywany w ramach sprawy operacyjnej o kryptonimie \u201eO\u015bmiornica\u201d prowadzonej przez SB przeciwko \u201eSolidarno\u015bci Walcz\u0105cej\u201d. W 2017 roku  na podstawie postanowienia Prezydenta RP \u2013 nr 453\/2017 &#8211;  nadano mu Krzy\u017c Wolno\u015bci i Solidarno\u015bci.<\/p>\n","protected":false},"excerpt":{"rendered":"<p>Urodzi\u0142 si\u0119 22 kwietnia 1949 roku w W\u0105growcu. W latach 1984 \u2013 1989 nale\u017ca\u0142 do pozna\u0144skiego oddzia\u0142u \u201eSolidarno\u015bci Walcz\u0105cej\u201d. W ramach tej dzia\u0142alno\u015bci zajmowa\u0142 si\u0119 g\u0142\u00f3wnie drukiem i kolporta\u017cem wydawnictw podziemnych oraz by\u0142 \u0142\u0105cznikiem mi\u0119dzy oddzia\u0142em \u201eSolidarno\u015bci Walcz\u0105cej\u201d a central\u0105 SW znajduj\u0105c\u0105 si\u0119 we Wroc\u0142awiu. Jego mieszkanie by\u0142o wielokrotnie wykorzystywane jako tzw. skrzynka kontaktowa, punkt [&hellip;]<\/p>\n","protected":false},"featured_media":1857,"template":"","meta":[],"_links":{"self":[{"href":"http:\/\/ludzie.fundacja-pih.pl\/index.php\/wp-json\/wp\/v2\/product\/972"}],"collection":[{"href":"http:\/\/ludzie.fundacja-pih.pl\/index.php\/wp-json\/wp\/v2\/product"}],"about":[{"href":"http:\/\/ludzie.fundacja-pih.pl\/index.php\/wp-json\/wp\/v2\/types\/product"}],"wp:featuredmedia":[{"embeddable":true,"href":"http:\/\/ludzie.fundacja-pih.pl\/index.php\/wp-json\/wp\/v2\/media\/1857"}],"wp:attachment":[{"href":"http:\/\/ludzie.fundacja-pih.pl\/index.php\/wp-json\/wp\/v2\/media?parent=972"}],"curies":[{"name":"wp","href":"https:\/\/api.w.org\/{rel}","templated":true}]}}