{"id":975,"date":"2020-12-17T10:34:43","date_gmt":"2020-12-17T10:34:43","guid":{"rendered":"http:\/\/ludzie.fundacja-pih.pl\/?post_type=product&#038;p=975"},"modified":"2025-05-16T14:10:39","modified_gmt":"2025-05-16T14:10:39","slug":"bednarz-lukasz","status":"publish","type":"product","link":"http:\/\/ludzie.fundacja-pih.pl\/index.php\/product\/bednarz-lukasz\/","title":{"rendered":"Bednarz \u0141ukasz"},"content":{"rendered":"<p>Urodzi\u0142 si\u0119 w 1960 r. w Poznaniu<\/p>\n<p>Od  1983 roku by\u0142 aktywnym cz\u0142onkiem pozna\u0144skiego oddzia\u0142u \u201eSolidarno\u015bci Walcz\u0105cej\u201d.  Zajmowa\u0142 si\u0119 kolporta\u017cem i drukowaniem r\u00f3\u017cnego rodzaju wydawnictw opozycyjnych. Przechowywa\u0142 w domu du\u017ce ilo\u015bci tych\u017ce wydawnictw i r\u00f3\u017cnych innych zwi\u0105zanych z konspiracj\u0105 materia\u0142\u00f3w. Na pocz\u0105tku 1984 roku, w podczas przeszukiwa\u0144 dom\u00f3w \u00f3wczesnych znanych dzia\u0142aczy opozycyjnych,  zosta\u0142 zadenuncjowany,  a w konsekwencji  aresztowany przez S\u0142u\u017cb\u0119 Bezpiecze\u0144stwa. Przez oko\u0142o p\u00f3\u0142 roku przebywa\u0142 w Areszcie \u015aledczym w Poznaniu i poddawany by\u0142 r\u00f3\u017cnego rodzaju przes\u0142uchaniom, maj\u0105cym na celu wydanie i zdradzenie innych dzia\u0142aczy podziemia. Przez ca\u0142y okres pozostawania w areszcie odmawia\u0142 udzielania jakichkolwiek  informacji i podj\u0119cia wsp\u00f3\u0142pracy z SB. W po\u0142owie 1984 roku na mocy amnestii dla wi\u0119\u017ani\u00f3w politycznych zwolniono go z aresztu.<\/p>\n","protected":false},"excerpt":{"rendered":"<p>Urodzi\u0142 si\u0119 w 1960 r. w Poznaniu Od 1983 roku by\u0142 aktywnym cz\u0142onkiem pozna\u0144skiego oddzia\u0142u \u201eSolidarno\u015bci Walcz\u0105cej\u201d. Zajmowa\u0142 si\u0119 kolporta\u017cem i drukowaniem r\u00f3\u017cnego rodzaju wydawnictw opozycyjnych. Przechowywa\u0142 w domu du\u017ce ilo\u015bci tych\u017ce wydawnictw i r\u00f3\u017cnych innych zwi\u0105zanych z konspiracj\u0105 materia\u0142\u00f3w. Na pocz\u0105tku 1984 roku, w podczas przeszukiwa\u0144 dom\u00f3w \u00f3wczesnych znanych dzia\u0142aczy opozycyjnych, zosta\u0142 zadenuncjowany, a [&hellip;]<\/p>\n","protected":false},"featured_media":906,"template":"","meta":[],"_links":{"self":[{"href":"http:\/\/ludzie.fundacja-pih.pl\/index.php\/wp-json\/wp\/v2\/product\/975"}],"collection":[{"href":"http:\/\/ludzie.fundacja-pih.pl\/index.php\/wp-json\/wp\/v2\/product"}],"about":[{"href":"http:\/\/ludzie.fundacja-pih.pl\/index.php\/wp-json\/wp\/v2\/types\/product"}],"wp:featuredmedia":[{"embeddable":true,"href":"http:\/\/ludzie.fundacja-pih.pl\/index.php\/wp-json\/wp\/v2\/media\/906"}],"wp:attachment":[{"href":"http:\/\/ludzie.fundacja-pih.pl\/index.php\/wp-json\/wp\/v2\/media?parent=975"}],"curies":[{"name":"wp","href":"https:\/\/api.w.org\/{rel}","templated":true}]}}