{"id":990,"date":"2020-12-23T09:59:47","date_gmt":"2020-12-23T09:59:47","guid":{"rendered":"http:\/\/ludzie.fundacja-pih.pl\/?post_type=product&#038;p=990"},"modified":"2025-05-16T14:10:43","modified_gmt":"2025-05-16T14:10:43","slug":"cymborski-adam","status":"publish","type":"product","link":"http:\/\/ludzie.fundacja-pih.pl\/index.php\/product\/cymborski-adam\/","title":{"rendered":"Cymborski Adam Piotr"},"content":{"rendered":"<p>Urodzi\u0142 si\u0119 w 1967 roku w m. Warszawa<\/p>\n<p>W 1982 roku zosta\u0142 jednym ze wsp\u00f3\u0142za\u0142o\u017cycieli M\u0142odzie\u017cowego Komitetu Oporu w Zespole Szk\u00f3\u0142 Ogrodniczych w Mysiadle k. Warszawy. Uczestniczy\u0142 w wydawaniu podziemnych czasopism takich jak: \u201eVictoria\u201d, \u201eSympatyk\u201d czy \u201eLegion M\u0142odych\u201d. W 1984 roku sta\u0142 si\u0119 wsp\u00f3\u0142za\u0142o\u017cycielem Grupy Politycznej \u201eWolno\u015b\u0107 i Niepodleg\u0142o\u015b\u0107\u201d wydaj\u0105cej pismo \u201eNiepodleg\u0142o\u015b\u0107 Polski\u201d. W marcu 1984 roku organizowa\u0142 wyjazdy m\u0142odzie\u017cy wspieraj\u0105cej strajk w Zespole Szk\u00f3\u0142 Rolniczych w Mi\u0119tnem k. Garwolina. Wsp\u00f3\u0142pracowa\u0142 r\u00f3wnie\u017c z Mi\u0119dzyzak\u0142adowym Komitetem Robotniczym Solidarno\u015b\u0107 (MRKS) w Warszawie oraz z PPS-Rewolucja Demokratyczna. By\u0142 zaanga\u017cowany w drukowanieczasopisma \u201eRobotnik\u201d, kolportowa\u0142 pras\u0119 podziemn\u0105 w tym m.in.: \u201eTygodnik Wojenny\u201d, \u201eRobotnik\u201d, \u201eCDN \u2013 G\u0142os Wolnego Robotnika\u201d, \u201eWola\u201d, \u201ePWA\u201d, \u201eKOS\u201d,  a tak\u017ce ksi\u0105\u017cki wydawane w tzw. drugim obiegu przez takie wydawnictwa jak: \u201eMost\u201d, \u201eKr\u0105g\u201d czy \u201dPrzed\u015bwit\u201d. By\u0142 wsp\u00f3\u0142za\u0142o\u017cycielem warszawskiego oddzia\u0142u \u201eSolidarno\u015bci Walcz\u0105cej\u201d powsta\u0142ego z istniej\u0105cej  wcze\u015bniej niepodleg\u0142o\u015bciowej grupy \u201eAlternatywa\u201d. W latach 1986 &#8211; 1991 by\u0142 zaprzysi\u0119\u017conym cz\u0142onkiem \u201eSolidarno\u015bci Walcz\u0105cej\u201d. Uczestniczy\u0142 w wielu akcjach Grup Wykonawczych SW. By\u0142 redaktorem, drukarzem i wsp\u00f3\u0142organizatorem kolporta\u017cu ksi\u0105\u017cek oraz pism wydawanych przez SW w tym m.in. \u201eWolnego Strzelca\u201d, \u201eAlternatywy\u201d, \u201eSolidarno\u015bci Walcz\u0105cej\u201d i \u201eWarszawskiego Biuletynu Ulicznego\u201d. Przewozi\u0142 masowe ilo\u015bci prasy wydawanej przez \u201eSolidarno\u015b\u0107 Walcz\u0105c\u0105\u201d we Wroc\u0142awiu w celu dalszego kolporta\u017cu. By\u0142y to tytu\u0142y takie jak: \u201eSolidarno\u015b\u0107 Walcz\u0105ca\u201d, \u201eBiuletyn Dolno\u015bl\u0105ski\u201d, \u201eReplika\u201d, \u201eSolidarno\u015b\u0107 Dolno\u015bl\u0105ska\u201d, \u2018Wiadomo\u015bci bie\u017c\u0105ce\u201d. W latach 1985 &#8211; 1989 by\u0142 kilkakrotnie zatrzymywany. Od 26 kwietnia 1986 roku do 3 marca 1989 roku by\u0142 rozpracowywany przez Wydz. III-2 SUSW w ramach SOR\/KE o kryptonimie ,,Szef\u201d. W 2012 roku zosta\u0142 odznaczony Krzy\u017cem Solidarno\u015bci Walcz\u0105cej, w 2020 roku Krzy\u017cem Wolno\u015bci i Solidarno\u015bci. W 2016 roku uzyska\u0142 status dzia\u0142acza opozycji antykomunistycznej przyznany przez Urz\u0105d do Spraw Kombatant\u00f3w i Os\u00f3b Represjonowanych.<\/p>\n","protected":false},"excerpt":{"rendered":"<p>Urodzi\u0142 si\u0119 w 1967 roku w m. Warszawa W 1982 roku zosta\u0142 jednym ze wsp\u00f3\u0142za\u0142o\u017cycieli M\u0142odzie\u017cowego Komitetu Oporu w Zespole Szk\u00f3\u0142 Ogrodniczych w Mysiadle k. Warszawy. Uczestniczy\u0142 w wydawaniu podziemnych czasopism takich jak: \u201eVictoria\u201d, \u201eSympatyk\u201d czy \u201eLegion M\u0142odych\u201d. W 1984 roku sta\u0142 si\u0119 wsp\u00f3\u0142za\u0142o\u017cycielem Grupy Politycznej \u201eWolno\u015b\u0107 i Niepodleg\u0142o\u015b\u0107\u201d wydaj\u0105cej pismo \u201eNiepodleg\u0142o\u015b\u0107 Polski\u201d. W marcu [&hellip;]<\/p>\n","protected":false},"featured_media":1823,"template":"","meta":[],"_links":{"self":[{"href":"http:\/\/ludzie.fundacja-pih.pl\/index.php\/wp-json\/wp\/v2\/product\/990"}],"collection":[{"href":"http:\/\/ludzie.fundacja-pih.pl\/index.php\/wp-json\/wp\/v2\/product"}],"about":[{"href":"http:\/\/ludzie.fundacja-pih.pl\/index.php\/wp-json\/wp\/v2\/types\/product"}],"wp:featuredmedia":[{"embeddable":true,"href":"http:\/\/ludzie.fundacja-pih.pl\/index.php\/wp-json\/wp\/v2\/media\/1823"}],"wp:attachment":[{"href":"http:\/\/ludzie.fundacja-pih.pl\/index.php\/wp-json\/wp\/v2\/media?parent=990"}],"curies":[{"name":"wp","href":"https:\/\/api.w.org\/{rel}","templated":true}]}}