{"id":992,"date":"2020-12-23T10:01:24","date_gmt":"2020-12-23T10:01:24","guid":{"rendered":"http:\/\/ludzie.fundacja-pih.pl\/?post_type=product&#038;p=992"},"modified":"2025-05-16T14:10:44","modified_gmt":"2025-05-16T14:10:44","slug":"guzowski-boleslaw","status":"publish","type":"product","link":"http:\/\/ludzie.fundacja-pih.pl\/index.php\/product\/guzowski-boleslaw\/","title":{"rendered":"Guzowski Boles\u0142aw"},"content":{"rendered":"<p>Urodzi\u0142 si\u0119 15 grudnia 1943 roku w Burakowie.<\/p>\n<p>Od 1982 roku by\u0142 zaanga\u017cowany w kolporta\u017c nielegalnych pism i wydawnictw, w tym m.in. \u201eTygodnika Wojennego\u201d, \u201eTygodnika Mazowsze\u201d, \u201eCDN \u2013 G\u0142os Wolnego Robotnika\u201d. Od 1983 roku pracowa\u0142 w Fabryce Wyrob\u00f3w z Proszk\u00f3w Spiekanych w \u0141omiankach. Od 1986 roku aktywnie dzia\u0142a\u0142 w ramach warszawskiej \u201eSolidarno\u015bci Walcz\u0105cej\u201d, odpowiadaj\u0105c m.in. za dostaw\u0119 materia\u0142\u00f3w poligraficznych, uczestniczy\u0142 tak\u017ce w akcjach ulotkowych i manifestacjach, prowadzi\u0142 kolporta\u017c pism warszawskiej SW m.in. \u201eAlternatywa\u201d i \u201eSolidarno\u015b\u0107 Walcz\u0105ca\u201d. 30 kwietnia 1986 roku Boles\u0142aw Guzowski zosta\u0142 zatrzymany podczas pr\u00f3by wniesienia na teren zak\u0142adu pracy tysi\u0105ca ulotek nawo\u0142uj\u0105cych do udzia\u0142u w kontrpochodzie pierwszomajowym. Zastosowano wobec niego areszt tymczasowy, a post\u0119powanie by\u0142o prowadzone w trybie przyspieszonym przez S\u0105d Rejonowy dla miasta sto\u0142ecznego Warszawy. 2 maja 1986 roku zosta\u0142 skazany na kar\u0119 1 roku i 4 miesi\u0119cy pozbawienia wolno\u015bci w zawieszeniu na 4 lata, kar\u0119 grzywny w wysoko\u015bci 50000 z\u0142 oraz podanie wyroku do publicznej wiadomo\u015bci. Jednocze\u015bnie uchylono wobec niego areszt tymczasowy a w dniu 1 sierpnia 1986 roku S\u0105d Wojew\u00f3dzki w Warszawie umorzy\u0142 post\u0119powanie karne na mocy amnestii. Pomimo represji Boles\u0142aw Guzowski nie zrezygnowa\u0142 z dostarczania nielegalnej prasy do FSO i Huty Warszawa. By\u0142 r\u00f3wnie\u017c cz\u0142onkiem s\u0142u\u017cby porz\u0105dkowej w Ko\u015bciele \u015bw. Stanis\u0142awa Kostki w Warszawie. Przed obchodami 1 maja 1987 roku kilkakrotnie wzywano go na rozmowy ostrzegawcze, na kt\u00f3rych potwierdzi\u0142 zamiar uczestnictwa w kontrpochodzie pierwszomajowym, kt\u00f3ry mia\u0142 wyruszy\u0107 spod Ko\u015bcio\u0142a \u015bw. Stanis\u0142awa Kostki. W zwi\u0105zku z powy\u017cszym w dniu 30 kwietnia 1987 roku zosta\u0142 zatrzymany prewencyjnie na 48 godzin. W latach 1986 &#8211; 1989 by\u0142 inwigilowany przez S\u0142u\u017cb\u0119 Bezpiecze\u0144stwa. By\u0142 rozpracowywany przez SB &#8211; SOR o kryptonimie ,,Kurier\u201d. W 2009 roku zosta\u0142 odznaczony Krzy\u017cem Kawalerskim Orderu Odrodzenia Polski Polonia Restituta, w 2015 roku Krzy\u017cem Wolno\u015bci i Solidarno\u015bci, w 2019 roku Medalem Stulecia Odzyskanej Niepodleg\u0142o\u015bci. W 2015 roku uzyska\u0142 status dzia\u0142acza opozycji antykomunistycznej przyznany przez Urz\u0105d do Spraw Kombatant\u00f3w i Os\u00f3b Represjonowanych.<\/p>\n","protected":false},"excerpt":{"rendered":"<p>Urodzi\u0142 si\u0119 15 grudnia 1943 roku w Burakowie. Od 1982 roku by\u0142 zaanga\u017cowany w kolporta\u017c nielegalnych pism i wydawnictw, w tym m.in. \u201eTygodnika Wojennego\u201d, \u201eTygodnika Mazowsze\u201d, \u201eCDN \u2013 G\u0142os Wolnego Robotnika\u201d. Od 1983 roku pracowa\u0142 w Fabryce Wyrob\u00f3w z Proszk\u00f3w Spiekanych w \u0141omiankach. Od 1986 roku aktywnie dzia\u0142a\u0142 w ramach warszawskiej \u201eSolidarno\u015bci Walcz\u0105cej\u201d, odpowiadaj\u0105c m.in. [&hellip;]<\/p>\n","protected":false},"featured_media":993,"template":"","meta":[],"_links":{"self":[{"href":"http:\/\/ludzie.fundacja-pih.pl\/index.php\/wp-json\/wp\/v2\/product\/992"}],"collection":[{"href":"http:\/\/ludzie.fundacja-pih.pl\/index.php\/wp-json\/wp\/v2\/product"}],"about":[{"href":"http:\/\/ludzie.fundacja-pih.pl\/index.php\/wp-json\/wp\/v2\/types\/product"}],"wp:featuredmedia":[{"embeddable":true,"href":"http:\/\/ludzie.fundacja-pih.pl\/index.php\/wp-json\/wp\/v2\/media\/993"}],"wp:attachment":[{"href":"http:\/\/ludzie.fundacja-pih.pl\/index.php\/wp-json\/wp\/v2\/media?parent=992"}],"curies":[{"name":"wp","href":"https:\/\/api.w.org\/{rel}","templated":true}]}}