{"id":994,"date":"2020-12-23T10:02:32","date_gmt":"2020-12-23T10:02:32","guid":{"rendered":"http:\/\/ludzie.fundacja-pih.pl\/?post_type=product&#038;p=994"},"modified":"2025-05-16T14:10:44","modified_gmt":"2025-05-16T14:10:44","slug":"guzowski-jacek","status":"publish","type":"product","link":"http:\/\/ludzie.fundacja-pih.pl\/index.php\/product\/guzowski-jacek\/","title":{"rendered":"Guzowski Jacek"},"content":{"rendered":"<p>Urodzi\u0142 si\u0119 22 czerwca 1968 roku w Warszawie.<\/p>\n<p>W latach 1984 &#8211; 1986 wsp\u00f3\u0142pracowa\u0142 z M\u0142odzie\u017cowym Komitetem Oporu w Zasadniczej Szkole Rzemios\u0142 Artystycznych w Warszawie. Do 1989 roku by\u0142 kolporterem prasy podziemnej. W 1986 roku przy\u0142\u0105czy\u0142 si\u0119 do struktur \u201eSolidarno\u015bci Walcz\u0105cej\u201d i zosta\u0142 jej zaprzysi\u0119\u017conym cz\u0142onkiem. By\u0142 wsp\u00f3\u0142za\u0142o\u017cycielem warszawskiego oddzia\u0142u \u201eSolidarno\u015bci Walcz\u0105cej\u201d powsta\u0142ej z grupy \u201eAlternatywa\u201d.  By\u0142 pomys\u0142odawc\u0105, za\u0142o\u017cycielem  i szefem Grup Wykonawczych SW. Jacek Guzowski prowadzi\u0142 podziemn\u0105 dzia\u0142alno\u015b\u0107 poligraficzn\u0105, uczestniczy\u0142 w druku i kolporta\u017cu pism warszawskiego SW w tym m.in. pism \u201eWolny Strzelec\u201d, \u201eAlternatywa\u201d, \u201eSolidarno\u015b\u0107 Walcz\u0105ca\u201d, \u201eWarszawski Biuletyn Uliczny\u201d. W drugiej po\u0142owie lat osiemdziesi\u0105tych uczestniczy\u0142 w licznych akcjach ulotkowych, pikietach i demonstracjach. Wsp\u00f3\u0142pracowa\u0142 te\u017c z innymi organizacjami podziemia w tym z Mi\u0119dzyzak\u0142adowym Robotniczym Komitetem Solidarno\u015bci (MRKS), Grupami Oporu Solidarni oraz Polsk\u0105 Parti\u0105 Socjalistyczn\u0105 (frakcja Rewolucja Demokratyczna). W pa\u017adzierniku 1987 roku odm\u00f3wi\u0142 pe\u0142nienia s\u0142u\u017cby wojskowej. Przez kilka miesi\u0119cy by\u0142 poszukiwany przez WSW. W 1990 roku zosta\u0142 skazany przez S\u0105d Rejonowy w Nowym Dworze Mazowieckim na kar\u0119 2 lat wi\u0119zienia w zawieszeniu na 3 lata. W 2009 roku zosta\u0142 odznaczony Krzy\u017cem Kawalerskim Orderu Odrodzenia Polski Polonia Restituta, w 2015 roku Krzy\u017cem Wolno\u015bci i Solidarno\u015bci, w 2019 roku Medalem Stulecia Odzyskanej Niepodleg\u0142o\u015bci. W 2016 roku uzyska\u0142 status dzia\u0142acza opozycji antykomunistycznej przyznany przez Urz\u0105d do Spraw Kombatant\u00f3w i Os\u00f3b Represjonowanych. By\u0142 rozpracowywany przez SB &#8211; SOR o kryptonimie ,,Dzia\u0142acze\u201d.<\/p>\n","protected":false},"excerpt":{"rendered":"<p>Urodzi\u0142 si\u0119 22 czerwca 1968 roku w Warszawie. W latach 1984 &#8211; 1986 wsp\u00f3\u0142pracowa\u0142 z M\u0142odzie\u017cowym Komitetem Oporu w Zasadniczej Szkole Rzemios\u0142 Artystycznych w Warszawie. Do 1989 roku by\u0142 kolporterem prasy podziemnej. W 1986 roku przy\u0142\u0105czy\u0142 si\u0119 do struktur \u201eSolidarno\u015bci Walcz\u0105cej\u201d i zosta\u0142 jej zaprzysi\u0119\u017conym cz\u0142onkiem. By\u0142 wsp\u00f3\u0142za\u0142o\u017cycielem warszawskiego oddzia\u0142u \u201eSolidarno\u015bci Walcz\u0105cej\u201d powsta\u0142ej z grupy [&hellip;]<\/p>\n","protected":false},"featured_media":995,"template":"","meta":[],"_links":{"self":[{"href":"http:\/\/ludzie.fundacja-pih.pl\/index.php\/wp-json\/wp\/v2\/product\/994"}],"collection":[{"href":"http:\/\/ludzie.fundacja-pih.pl\/index.php\/wp-json\/wp\/v2\/product"}],"about":[{"href":"http:\/\/ludzie.fundacja-pih.pl\/index.php\/wp-json\/wp\/v2\/types\/product"}],"wp:featuredmedia":[{"embeddable":true,"href":"http:\/\/ludzie.fundacja-pih.pl\/index.php\/wp-json\/wp\/v2\/media\/995"}],"wp:attachment":[{"href":"http:\/\/ludzie.fundacja-pih.pl\/index.php\/wp-json\/wp\/v2\/media?parent=994"}],"curies":[{"name":"wp","href":"https:\/\/api.w.org\/{rel}","templated":true}]}}