{"id":996,"date":"2020-12-23T10:03:47","date_gmt":"2020-12-23T10:03:47","guid":{"rendered":"http:\/\/ludzie.fundacja-pih.pl\/?post_type=product&#038;p=996"},"modified":"2025-05-16T14:10:45","modified_gmt":"2025-05-16T14:10:45","slug":"kolkiewicz-pawel","status":"publish","type":"product","link":"http:\/\/ludzie.fundacja-pih.pl\/index.php\/product\/kolkiewicz-pawel\/","title":{"rendered":"Ko\u0142kiewicz Pawe\u0142"},"content":{"rendered":"<p>Urodzi\u0142 si\u0119 29 grudnia 1966 roku w Opocznie.<\/p>\n<p>W latach 1985 \u2013 1992 studiowa\u0142 na Politechnice Warszawskiej. Od 1983 roku by\u0142 zaanga\u017cowany w dzia\u0142alno\u015b\u0107 konspiracyjn\u0105 w Opocznie. Przed matur\u0105, w 1985 roku, by\u0142 przes\u0142uchiwany przez zast\u0119pc\u0119 szefa SB w Opocznie na skutek donosu. Od 1985 roku wsp\u00f3\u0142pracowa\u0142 z Mi\u0119dzyzak\u0142adow\u0105 Komisj\u0105 Koordynacyjn\u0105 (MKK) \u201eWola\u201d. W ramach tej wsp\u00f3\u0142pracy zajmowa\u0142 si\u0119 kolporta\u017cem pism podziemnych takich jak: \u201eWola\u201d, \u201ePWA\u201d, \u201eBAZA\u201d, \u201eCDN\u201d, \u201eTygodnik Mazowsze\u201d, \u201eKOS\u201d, ksi\u0105\u017cek wydawnictw: \u201eNowa\u201d, \u201eKr\u0105g\u201d, \u201eRytm\u201d, \u201eMost\u201d, \u201ePrzed\u015bwit\u201d oraz pism studenckich \u201eMi\u015b\u201d, \u201eGrizzly\u201d, \u201eCIA\u201d , \u201eKurier Akademicki\u201d. Kolportowa\u0142 tak\u017ce pism podziemne czasopisma wydawane w innych miastach Polski. W 1986 roku przy\u0142\u0105czy\u0142 si\u0119 do warszawskiego oddzia\u0142u \u201eSolidarno\u015bci Walcz\u0105cej\u201d powsta\u0142ej z grupy \u201eAlternatywa\u201d. W ramach dzia\u0142alno\u015bci w SW kolportowa\u0142 pisma warszawskiej SW: \u201dWolny Strzelec\u201d, \u201eAlternatywa\u201d i \u201eSolidarno\u015b\u0107 Walcz\u0105ca\u201d oraz wroc\u0142awskiej SW: \u201eSolidarno\u015b\u0107 Walcz\u0105ca\u201d, \u201eWiadomo\u015bci Bie\u017c\u0105ce\u201d, \u201eBiuletyn Dolno\u015bl\u0105ski\u201d, \u201eSolidarno\u015b\u0107 M\u0142odych\u201d, \u201eSolidarno\u015b\u0107 Dolno\u015bl\u0105ska\u201d.  Uczestniczy\u0142 w akcjach Grup Wykonawczych SW tj. w akcjach ulotkowych, akcjach druku i w pracach redakcyjnych pism \u201eSolidarno\u015bci Walcz\u0105cej\u201d. Wiosn\u0105 1987 roku Pawe\u0142 Ko\u0142kiewicz zosta\u0142 zaprzysi\u0119\u017conym cz\u0142onkiem SW. W pokoju akademika ,,Bratniak\u201d przy ul. Gr\u00f3jeckiej 39 w Warszawie, w kt\u00f3rym mieszka\u0142, cz\u0119sto odbywa\u0142y si\u0119 spotkania warszawskiego oddzia\u0142u SW. Pok\u00f3j ten s\u0142u\u017cy\u0142 tak\u017ce dla cel\u00f3w kolporta\u017cu. Dociera\u0142a do niego i by\u0142a przekazywana dalej, prasa podziemna z Warszawy, Wroc\u0142awia, \u0141odzi, Poznania, Krakowa i Gda\u0144ska. Pawe\u0142 Ko\u0142kiewicz w 2009 roku zosta\u0142 odznaczony Krzy\u017cem Kawalerskim Orderu Odrodzenia Polski Polonia Restituta, w 2012 roku Krzy\u017cem Solidarno\u015bci Walcz\u0105cej, w 2019 roku Medalem Stulecia Odzyskanej Niepodleg\u0142o\u015bci i w 2020 roku Krzy\u017cem Solidarno\u015bci i Wolno\u015bci. W 2016 roku uzyska\u0142 tak\u017ce status dzia\u0142acza opozycji antykomunistycznej przyznany przez Urz\u0105d do Spraw Kombatant\u00f3w i Os\u00f3b Represjonowanych.<\/p>\n","protected":false},"excerpt":{"rendered":"<p>Urodzi\u0142 si\u0119 29 grudnia 1966 roku w Opocznie. W latach 1985 \u2013 1992 studiowa\u0142 na Politechnice Warszawskiej. Od 1983 roku by\u0142 zaanga\u017cowany w dzia\u0142alno\u015b\u0107 konspiracyjn\u0105 w Opocznie. Przed matur\u0105, w 1985 roku, by\u0142 przes\u0142uchiwany przez zast\u0119pc\u0119 szefa SB w Opocznie na skutek donosu. Od 1985 roku wsp\u00f3\u0142pracowa\u0142 z Mi\u0119dzyzak\u0142adow\u0105 Komisj\u0105 Koordynacyjn\u0105 (MKK) \u201eWola\u201d. W ramach [&hellip;]<\/p>\n","protected":false},"featured_media":1926,"template":"","meta":[],"_links":{"self":[{"href":"http:\/\/ludzie.fundacja-pih.pl\/index.php\/wp-json\/wp\/v2\/product\/996"}],"collection":[{"href":"http:\/\/ludzie.fundacja-pih.pl\/index.php\/wp-json\/wp\/v2\/product"}],"about":[{"href":"http:\/\/ludzie.fundacja-pih.pl\/index.php\/wp-json\/wp\/v2\/types\/product"}],"wp:featuredmedia":[{"embeddable":true,"href":"http:\/\/ludzie.fundacja-pih.pl\/index.php\/wp-json\/wp\/v2\/media\/1926"}],"wp:attachment":[{"href":"http:\/\/ludzie.fundacja-pih.pl\/index.php\/wp-json\/wp\/v2\/media?parent=996"}],"curies":[{"name":"wp","href":"https:\/\/api.w.org\/{rel}","templated":true}]}}